{"id":1410,"date":"2014-03-24T17:47:08","date_gmt":"2014-03-24T16:47:08","guid":{"rendered":"https:\/\/pes-moselle.fr\/yutz\/?page_id=1410"},"modified":"2017-02-12T14:15:18","modified_gmt":"2017-02-12T13:15:18","slug":"dietetique","status":"publish","type":"page","link":"https:\/\/pes-moselle.fr\/yutz\/dietetique\/","title":{"rendered":"Di\u00e9t\u00e9tique"},"content":{"rendered":"<div class=\"fusion-fullwidth fullwidth-box fusion-builder-row-1 nonhundred-percent-fullwidth non-hundred-percent-height-scrolling\" style=\"--awb-border-radius-top-left:0px;--awb-border-radius-top-right:0px;--awb-border-radius-bottom-right:0px;--awb-border-radius-bottom-left:0px;--awb-flex-wrap:wrap;\" ><div class=\"fusion-builder-row fusion-row\"><div class=\"fusion-layout-column fusion_builder_column fusion-builder-column-0 fusion_builder_column_1_1 1_1 fusion-one-full fusion-column-first fusion-column-last\" style=\"--awb-bg-size:cover;\"><div class=\"fusion-column-wrapper fusion-flex-column-wrapper-legacy\"><div class=\"fusion-title title fusion-title-1 fusion-title-center fusion-title-text fusion-title-size-one\"><div class=\"title-sep-container title-sep-container-left\"><div class=\"title-sep sep-double sep-solid\" style=\"border-color:#e0dede;\"><\/div><\/div><span class=\"awb-title-spacer\"><\/span><h1 class=\"fusion-title-heading title-heading-center fusion-responsive-typography-calculated\" style=\"margin:0;--fontSize:34;line-height:1.41;\">La Di\u00e9t\u00e9tique<\/h1><span class=\"awb-title-spacer\"><\/span><div class=\"title-sep-container title-sep-container-right\"><div class=\"title-sep sep-double sep-solid\" style=\"border-color:#e0dede;\"><\/div><\/div><\/div><div class=\"fusion-text fusion-text-1\"><p style=\"text-align: justify;\">La di\u00e9t\u00e9tique est <strong>une science<\/strong> ayant pour but de proposer <strong>une alimentation adapt\u00e9e \u00e0 un individu ou \u00e0 une population<\/strong> afin de maintenir ou d\u2019am\u00e9liorer son \u00e9tat de sant\u00e9. Elle prend en compte\u00a0: les choix alimentaires, les fr\u00e9quences de consommation, l\u2019\u00e9tat nutritionnel de la personne, les aspects sociaux et culturels, les habitudes de vie, ainsi que les moyens \u00e9conomiques.<\/p>\n<p style=\"text-align: justify;\">La di\u00e9t\u00e9tique a un r\u00f4le tr\u00e8s important dans la <strong>pr\u00e9vention<\/strong> de certaines pathologies chroniques telles que <strong>l\u2019ob\u00e9sit\u00e9, le diab\u00e8te, les maladies cardiovasculaires, etc \u2026 <\/strong><\/p>\n<p style=\"text-align: justify;\">La di\u00e9t\u00e9tique est devenue aujourd\u2019hui un <strong>enjeu<\/strong> de <strong>sant\u00e9 publique<\/strong>. La pr\u00e9vention primaire permettrait de diminuer l\u2019apparition de ces diff\u00e9rentes pathologies.<\/p>\n<\/div><div class=\"fusion-image-element fusion-image-align-center in-legacy-container\" style=\"text-align:center;--awb-caption-title-font-family:var(--h2_typography-font-family);--awb-caption-title-font-weight:var(--h2_typography-font-weight);--awb-caption-title-font-style:var(--h2_typography-font-style);--awb-caption-title-size:var(--h2_typography-font-size);--awb-caption-title-transform:var(--h2_typography-text-transform);--awb-caption-title-line-height:var(--h2_typography-line-height);--awb-caption-title-letter-spacing:var(--h2_typography-letter-spacing);\"><div class=\"imageframe-align-center\"><span class=\" fusion-imageframe imageframe-dropshadow imageframe-1 hover-type-zoomin\" style=\"border-radius:15px;-webkit-box-shadow: 3px 3px 7px rgba(0,0,0,0.3);box-shadow: 3px 3px 7px rgba(0,0,0,0.3);\"><img decoding=\"async\" width=\"500\" height=\"340\" title=\"dietetique-et-nutrition\" src=\"https:\/\/pes-moselle.fr\/yutz\/wp-content\/uploads\/sites\/2\/2014\/03\/dietetique-et-nutrition.jpg\" alt class=\"img-responsive wp-image-2110\" srcset=\"https:\/\/pes-moselle.fr\/yutz\/wp-content\/uploads\/sites\/2\/2014\/03\/dietetique-et-nutrition-200x136.jpg 200w, https:\/\/pes-moselle.fr\/yutz\/wp-content\/uploads\/sites\/2\/2014\/03\/dietetique-et-nutrition-400x272.jpg 400w, https:\/\/pes-moselle.fr\/yutz\/wp-content\/uploads\/sites\/2\/2014\/03\/dietetique-et-nutrition.jpg 500w\" sizes=\"(max-width: 800px) 100vw, 500px\" \/><\/span><\/div><\/div><div class=\"fusion-sep-clear\"><\/div><div class=\"fusion-separator fusion-full-width-sep\" style=\"margin-left: auto;margin-right: auto;margin-top:30px;width:100%;\"><\/div><div class=\"fusion-sep-clear\"><\/div><div class=\"fusion-text fusion-text-2\"><p style=\"text-align: justify;\">Votre di\u00e9t\u00e9ticienne \u00e0 Yutz effectuera tout d\u2019abord un <strong>bilan nutritionnel complet<\/strong>. Celui-ci a pour but de recueillir les <strong>donn\u00e9es g\u00e9n\u00e9rales<\/strong> (\u00e2ge, poids, taille, IMC, ant\u00e9c\u00e9dents, activit\u00e9 professionnelle,\u2026), les <strong>habitudes de vies<\/strong>, ainsi que les <strong>habitudes alimentaires<\/strong>. Ce bilan permet de mieux conna\u00eetre la personne, afin de mettre en place une <strong>strat\u00e9gie di\u00e9t\u00e9tique adapt\u00e9e<\/strong>. Nous d\u00e9finissons par cons\u00e9quent ensemble les <strong>objectifs di\u00e9t\u00e9tiques<\/strong> \u00e0 mettre en place sur le long terme.<\/p>\n<p style=\"text-align: justify;\">Suite au bilan nutritionnel, les <strong>consultations de suivi sont indispensables<\/strong> afin d\u2019\u00e9valuer l\u2019efficacit\u00e9 du programme di\u00e9t\u00e9tique propos\u00e9. Ces consultations permettent d\u2019<strong>atteindre les objectifs<\/strong> fix\u00e9s ensemble, ainsi qu\u2019\u00e0 <strong>r\u00e9ajuster votre \u00e9quilibre alimentaire<\/strong> si besoin selon vos difficult\u00e9s.<\/p>\n<p style=\"text-align: justify;\"><strong>D\u2019apr\u00e8s le code de la Sant\u00e9 publique Art. L. 4371-1\u00a0:\u00a0<\/strong><em>\u00abEst consid\u00e9r\u00e9e comme exer\u00e7ant la profession de di\u00e9t\u00e9ticien toute personne qui, habituellement, dispense des conseils nutritionnels et, sur prescription m\u00e9dicale, participe \u00e0 l&rsquo;\u00e9ducation et \u00e0 la r\u00e9\u00e9ducation nutritionnelle des patients atteints de troubles du m\u00e9tabolisme ou de l&rsquo;alimentatio<\/em><em>n, par l&rsquo;\u00e9tablissement d&rsquo;un bilan di\u00e9t\u00e9tique personnalis\u00e9 et une \u00e9ducation di\u00e9t\u00e9tique adapt\u00e9e.\u00bb<\/em><\/p>\n<p style=\"text-align: justify;\"><span class=\"\">Il faut savoir que les consultations di\u00e9t\u00e9tiques s&rsquo;adressent \u00e0\u00a0<\/span><span class=\"\">tout le monde.\u00a0<\/span><span class=\"\">Chaque prise en charge sera\u00a0<\/span><span class=\"\">diff\u00e9rente<\/span><span class=\"\">, mais surtout\u00a0<\/span><span class=\"\">adapt\u00e9e<\/span><span class=\"\">\u00a0\u00e0 chaque patient, ainsi qu&rsquo;\u00e0 une\u00a0\u00e9ventuelle pathologie. Nous sommes tous diff\u00e9rents, c&rsquo;est pourquoi j&rsquo;adapte toujours mes conseils \u00e0\u00a0<\/span><span class=\"\">votre personnalit\u00e9<\/span><span class=\"\">, \u00e0\u00a0<\/span><span class=\"\">vos habitudes de vie<\/span><span class=\"\">,<\/span><span class=\"\">\u00a0<\/span><span class=\"\">\u00e0\u00a0<\/span><span class=\"\">vos difficult\u00e9s alimentaires<\/span><span class=\"\">\u00a0ainsi qu&rsquo;\u00e0\u00a0<\/span><span class=\"\">vos objectifs di\u00e9t\u00e9tiques<\/span><span class=\"\">.<\/span><\/p>\n<\/div><div class=\"fusion-clearfix\"><\/div><\/div><\/div><\/div><\/div>\n","protected":false},"excerpt":{"rendered":"","protected":false},"author":1,"featured_media":0,"parent":0,"menu_order":0,"comment_status":"open","ping_status":"open","template":"","meta":{"footnotes":""},"class_list":["post-1410","page","type-page","status-publish","hentry"],"yoast_head":"<!-- This site is optimized with the Yoast SEO plugin v27.4 - https:\/\/yoast.com\/product\/yoast-seo-wordpress\/ -->\n<title>Di\u00e9t\u00e9tique - P\u00f4le Equilibre&amp;Sant\u00e9 de Moselle - Thionville \/ Yutz<\/title>\n<meta name=\"description\" content=\"La di\u00e9t\u00e9tique est une science ayant pour but de proposer une alimentation adapt\u00e9e \u00e0 un individu ou \u00e0 une population afin de maintenir ou d\u2019am\u00e9liorer son \u00e9tat de sant\u00e9.\" \/>\n<meta name=\"robots\" content=\"index, follow, max-snippet:-1, max-image-preview:large, max-video-preview:-1\" \/>\n<link rel=\"canonical\" href=\"https:\/\/pes-moselle.fr\/yutz\/dietetique\/\" \/>\n<meta property=\"og:locale\" content=\"fr_FR\" \/>\n<meta property=\"og:type\" content=\"article\" \/>\n<meta property=\"og:title\" content=\"Di\u00e9t\u00e9tique - P\u00f4le Equilibre&amp;Sant\u00e9 de Moselle - Thionville \/ Yutz\" \/>\n<meta property=\"og:description\" content=\"La di\u00e9t\u00e9tique est une science ayant pour but de proposer une alimentation adapt\u00e9e \u00e0 un individu ou \u00e0 une population afin de maintenir ou d\u2019am\u00e9liorer son \u00e9tat de sant\u00e9.\" \/>\n<meta property=\"og:url\" content=\"https:\/\/pes-moselle.fr\/yutz\/dietetique\/\" \/>\n<meta property=\"og:site_name\" content=\"P\u00f4le Equilibre&amp;Sant\u00e9 de Yutz - Thionville\" \/>\n<meta property=\"article:modified_time\" content=\"2017-02-12T13:15:18+00:00\" \/>\n<meta name=\"twitter:card\" content=\"summary_large_image\" \/>\n<meta name=\"twitter:label1\" content=\"Dur\u00e9e de lecture estim\u00e9e\" \/>\n\t<meta name=\"twitter:data1\" content=\"3 minutes\" \/>\n<script type=\"application\/ld+json\" class=\"yoast-schema-graph\">{\"@context\":\"https:\\\/\\\/schema.org\",\"@graph\":[{\"@type\":\"WebPage\",\"@id\":\"https:\\\/\\\/pes-moselle.fr\\\/yutz\\\/dietetique\\\/\",\"url\":\"https:\\\/\\\/pes-moselle.fr\\\/yutz\\\/dietetique\\\/\",\"name\":\"Di\u00e9t\u00e9tique - P\u00f4le Equilibre&Sant\u00e9 de Moselle - Thionville \\\/ Yutz\",\"isPartOf\":{\"@id\":\"https:\\\/\\\/pes-moselle.fr\\\/yutz\\\/#website\"},\"datePublished\":\"2014-03-24T16:47:08+00:00\",\"dateModified\":\"2017-02-12T13:15:18+00:00\",\"description\":\"La di\u00e9t\u00e9tique est une science ayant pour but de proposer une alimentation adapt\u00e9e \u00e0 un individu ou \u00e0 une population afin de maintenir ou d\u2019am\u00e9liorer son \u00e9tat de sant\u00e9.\",\"breadcrumb\":{\"@id\":\"https:\\\/\\\/pes-moselle.fr\\\/yutz\\\/dietetique\\\/#breadcrumb\"},\"inLanguage\":\"fr-FR\",\"potentialAction\":[{\"@type\":\"ReadAction\",\"target\":[\"https:\\\/\\\/pes-moselle.fr\\\/yutz\\\/dietetique\\\/\"]}]},{\"@type\":\"BreadcrumbList\",\"@id\":\"https:\\\/\\\/pes-moselle.fr\\\/yutz\\\/dietetique\\\/#breadcrumb\",\"itemListElement\":[{\"@type\":\"ListItem\",\"position\":1,\"name\":\"Accueil\",\"item\":\"https:\\\/\\\/pes-moselle.fr\\\/yutz\\\/\"},{\"@type\":\"ListItem\",\"position\":2,\"name\":\"Di\u00e9t\u00e9tique\"}]},{\"@type\":\"WebSite\",\"@id\":\"https:\\\/\\\/pes-moselle.fr\\\/yutz\\\/#website\",\"url\":\"https:\\\/\\\/pes-moselle.fr\\\/yutz\\\/\",\"name\":\"P\u00f4le Equilibre&amp;Sant\u00e9 de Yutz - Thionville\",\"description\":\"\",\"potentialAction\":[{\"@type\":\"SearchAction\",\"target\":{\"@type\":\"EntryPoint\",\"urlTemplate\":\"https:\\\/\\\/pes-moselle.fr\\\/yutz\\\/?s={search_term_string}\"},\"query-input\":{\"@type\":\"PropertyValueSpecification\",\"valueRequired\":true,\"valueName\":\"search_term_string\"}}],\"inLanguage\":\"fr-FR\"}]}<\/script>\n<!-- \/ Yoast SEO plugin. -->","yoast_head_json":{"title":"Di\u00e9t\u00e9tique - P\u00f4le Equilibre&Sant\u00e9 de Moselle - Thionville \/ Yutz","description":"La di\u00e9t\u00e9tique est une science ayant pour but de proposer une alimentation adapt\u00e9e \u00e0 un individu ou \u00e0 une population afin de maintenir ou d\u2019am\u00e9liorer son \u00e9tat de sant\u00e9.","robots":{"index":"index","follow":"follow","max-snippet":"max-snippet:-1","max-image-preview":"max-image-preview:large","max-video-preview":"max-video-preview:-1"},"canonical":"https:\/\/pes-moselle.fr\/yutz\/dietetique\/","og_locale":"fr_FR","og_type":"article","og_title":"Di\u00e9t\u00e9tique - P\u00f4le Equilibre&Sant\u00e9 de Moselle - Thionville \/ Yutz","og_description":"La di\u00e9t\u00e9tique est une science ayant pour but de proposer une alimentation adapt\u00e9e \u00e0 un individu ou \u00e0 une population afin de maintenir ou d\u2019am\u00e9liorer son \u00e9tat de sant\u00e9.","og_url":"https:\/\/pes-moselle.fr\/yutz\/dietetique\/","og_site_name":"P\u00f4le Equilibre&amp;Sant\u00e9 de Yutz - Thionville","article_modified_time":"2017-02-12T13:15:18+00:00","twitter_card":"summary_large_image","twitter_misc":{"Dur\u00e9e de lecture estim\u00e9e":"3 minutes"},"schema":{"@context":"https:\/\/schema.org","@graph":[{"@type":"WebPage","@id":"https:\/\/pes-moselle.fr\/yutz\/dietetique\/","url":"https:\/\/pes-moselle.fr\/yutz\/dietetique\/","name":"Di\u00e9t\u00e9tique - P\u00f4le Equilibre&Sant\u00e9 de Moselle - Thionville \/ Yutz","isPartOf":{"@id":"https:\/\/pes-moselle.fr\/yutz\/#website"},"datePublished":"2014-03-24T16:47:08+00:00","dateModified":"2017-02-12T13:15:18+00:00","description":"La di\u00e9t\u00e9tique est une science ayant pour but de proposer une alimentation adapt\u00e9e \u00e0 un individu ou \u00e0 une population afin de maintenir ou d\u2019am\u00e9liorer son \u00e9tat de sant\u00e9.","breadcrumb":{"@id":"https:\/\/pes-moselle.fr\/yutz\/dietetique\/#breadcrumb"},"inLanguage":"fr-FR","potentialAction":[{"@type":"ReadAction","target":["https:\/\/pes-moselle.fr\/yutz\/dietetique\/"]}]},{"@type":"BreadcrumbList","@id":"https:\/\/pes-moselle.fr\/yutz\/dietetique\/#breadcrumb","itemListElement":[{"@type":"ListItem","position":1,"name":"Accueil","item":"https:\/\/pes-moselle.fr\/yutz\/"},{"@type":"ListItem","position":2,"name":"Di\u00e9t\u00e9tique"}]},{"@type":"WebSite","@id":"https:\/\/pes-moselle.fr\/yutz\/#website","url":"https:\/\/pes-moselle.fr\/yutz\/","name":"P\u00f4le Equilibre&amp;Sant\u00e9 de Yutz - Thionville","description":"","potentialAction":[{"@type":"SearchAction","target":{"@type":"EntryPoint","urlTemplate":"https:\/\/pes-moselle.fr\/yutz\/?s={search_term_string}"},"query-input":{"@type":"PropertyValueSpecification","valueRequired":true,"valueName":"search_term_string"}}],"inLanguage":"fr-FR"}]}},"_links":{"self":[{"href":"https:\/\/pes-moselle.fr\/yutz\/wp-json\/wp\/v2\/pages\/1410","targetHints":{"allow":["GET"]}}],"collection":[{"href":"https:\/\/pes-moselle.fr\/yutz\/wp-json\/wp\/v2\/pages"}],"about":[{"href":"https:\/\/pes-moselle.fr\/yutz\/wp-json\/wp\/v2\/types\/page"}],"author":[{"embeddable":true,"href":"https:\/\/pes-moselle.fr\/yutz\/wp-json\/wp\/v2\/users\/1"}],"replies":[{"embeddable":true,"href":"https:\/\/pes-moselle.fr\/yutz\/wp-json\/wp\/v2\/comments?post=1410"}],"version-history":[{"count":7,"href":"https:\/\/pes-moselle.fr\/yutz\/wp-json\/wp\/v2\/pages\/1410\/revisions"}],"predecessor-version":[{"id":2399,"href":"https:\/\/pes-moselle.fr\/yutz\/wp-json\/wp\/v2\/pages\/1410\/revisions\/2399"}],"wp:attachment":[{"href":"https:\/\/pes-moselle.fr\/yutz\/wp-json\/wp\/v2\/media?parent=1410"}],"curies":[{"name":"wp","href":"https:\/\/api.w.org\/{rel}","templated":true}]}}