{"id":1412,"date":"2014-03-24T17:51:59","date_gmt":"2014-03-24T16:51:59","guid":{"rendered":"https:\/\/pes-moselle.fr\/yutz\/?page_id=1412"},"modified":"2021-09-22T19:55:37","modified_gmt":"2021-09-22T17:55:37","slug":"consultation-dietetique","status":"publish","type":"page","link":"https:\/\/pes-moselle.fr\/yutz\/consultation-dietetique\/","title":{"rendered":"La Consultation Di\u00e9t\u00e9tique"},"content":{"rendered":"<div class=\"fusion-fullwidth fullwidth-box fusion-builder-row-1 nonhundred-percent-fullwidth non-hundred-percent-height-scrolling\" style=\"--awb-border-radius-top-left:0px;--awb-border-radius-top-right:0px;--awb-border-radius-bottom-right:0px;--awb-border-radius-bottom-left:0px;--awb-flex-wrap:wrap;\" ><div class=\"fusion-builder-row fusion-row\"><div class=\"fusion-layout-column fusion_builder_column fusion-builder-column-0 fusion_builder_column_1_1 1_1 fusion-one-full fusion-column-first fusion-column-last\" style=\"--awb-bg-size:cover;\"><div class=\"fusion-column-wrapper fusion-flex-column-wrapper-legacy\"><div class=\"fusion-title title fusion-title-1 fusion-title-center fusion-title-text fusion-title-size-one\"><div class=\"title-sep-container title-sep-container-left\"><div class=\"title-sep sep-double sep-solid\" style=\"border-color:#e0dede;\"><\/div><\/div><span class=\"awb-title-spacer\"><\/span><h1 class=\"fusion-title-heading title-heading-center fusion-responsive-typography-calculated\" style=\"margin:0;--fontSize:34;line-height:1.41;\">D\u00e9roulement d&rsquo;une consultation Di\u00e9t\u00e9tique<\/h1><span class=\"awb-title-spacer\"><\/span><div class=\"title-sep-container title-sep-container-right\"><div class=\"title-sep sep-double sep-solid\" style=\"border-color:#e0dede;\"><\/div><\/div><\/div><div class=\"fusion-text fusion-text-1\"><p style=\"text-align: justify;\">Les consultations di\u00e9t\u00e9tiques peuvent s\u2019adresser \u00e0 toutes personnes ayant un besoin d\u2019une prise en charge. Celle-ci sera automatiquement adapt\u00e9e en fonction de la pathologie et de la demande di\u00e9t\u00e9tique.<\/p>\n<ul style=\"text-align: justify;\">\n<li>Enfants<\/li>\n<li>Adolescents<\/li>\n<li>Adultes<\/li>\n<li>Sportifs<\/li>\n<li>Femme ayant le d\u00e9sir de tomber enceinte\/ enceinte\/ allaitante<\/li>\n<li>Personnes \u00e2g\u00e9es<\/li>\n<\/ul>\n<p style=\"text-align: justify;\">Les consultations di\u00e9t\u00e9tiques permettent aussi de prendre en charge certaines pathologies chroniques, ou permet de les pr\u00e9venir. Voici quelques exemples des maladies chroniques les plus fr\u00e9quemment rencontr\u00e9es\u00a0: diab\u00e8te (type 1, type 2, gestationnel), surpoids et ob\u00e9sit\u00e9, maladies cardiovasculaires (dyslipid\u00e9mie).<\/p>\n<p style=\"text-align: justify;\">Le but des consultations di\u00e9t\u00e9tiques est d\u2019am\u00e9liorer votre \u00e9tat nutritionnel dans son ensemble \u00e0 long terme. La di\u00e9t\u00e9ticienne ne travaille pas \u00e0 l\u2019aide d\u2019un r\u00e9gime restrictif. Il s\u2019agit finalement d\u2019un r\u00e9\u00e9quilibrage alimentaire, avec l\u2019apprentissage et l\u2019acquisition des bonnes r\u00e8gles d\u2019hygi\u00e8ne alimentaire, toujours en suivant les recommandations di\u00e9t\u00e9tiques. Nos conseils suivent donc les recommandations de l\u2019Haute Autorit\u00e9 de Sant\u00e9 (HAS) ainsi que le Programme National Nutrition Sant\u00e9 (PNNS).<\/p>\n<div class=\"table-2\"><\/div>\n<\/div><div class=\"fusion-clearfix\"><\/div><\/div><\/div><div class=\"fusion-layout-column fusion_builder_column fusion-builder-column-1 fusion_builder_column_2_5 2_5 fusion-two-fifth fusion-column-first\" style=\"--awb-bg-size:cover;width:40%;width:calc(40% - ( ( 4% ) * 0.4 ) );margin-right: 4%;\"><div class=\"fusion-column-wrapper fusion-flex-column-wrapper-legacy\"><div class=\"fusion-title title fusion-title-2 fusion-title-text fusion-title-size-two\"><h2 class=\"fusion-title-heading title-heading-left fusion-responsive-typography-calculated\" style=\"margin:0;--fontSize:28;line-height:1.5;\">Bilan nutritionnel\u00a0: environ 1h<\/h2><span class=\"awb-title-spacer\"><\/span><div class=\"title-sep-container\"><div class=\"title-sep sep-double sep-solid\" style=\"border-color:#e0dede;\"><\/div><\/div><\/div><div class=\"fusion-text fusion-text-2\"><div class=\"\">\n<div class=\"\" style=\"text-align: justify;\"><span class=\"\"><span class=\"color_15\">La premi\u00e8re consultation di\u00e9t\u00e9tique consiste en un\u00a0<\/span><span class=\"color_19\"><strong>bilan nutritionnel complet et d\u00e9taill\u00e9<\/strong>. <\/span><\/span><span class=\"\">Il a pour but de recueillir les donn\u00e9es g\u00e9n\u00e9rales, les habitudes de vie, les habitudes alimentaires, les troubles du comportement alimentaire, ainsi que les difficult\u00e9s que vous rencontrez.\u00a0<\/span><span class=\"\"><span class=\"color_15\">Il permet de mieux conna\u00eetre la personne afin de mettre en place une\u00a0<\/span><span class=\"color_19\"><strong>strat\u00e9gie\u00a0di\u00e9t\u00e9tique<\/strong>. <\/span><\/span><span class=\"\"><span class=\"color_15\">Nous allons ensuite d\u00e9finir ensemble des\u00a0<\/span><span class=\"color_19\">objectifs\u00a0di\u00e9t\u00e9tiques<\/span><span class=\"color_15\">\u00a0\u00e0 travailler pour les prochaines consultations.\u00a0<\/span><\/span><span class=\"\">Ces objectifs seront le fil conducteur de votre prise en charge.<\/span><\/div>\n<\/div>\n<\/div><div class=\"fusion-clearfix\"><\/div><\/div><\/div><div class=\"fusion-layout-column fusion_builder_column fusion-builder-column-2 fusion_builder_column_3_5 3_5 fusion-three-fifth fusion-column-last\" style=\"--awb-bg-size:cover;width:60%;width:calc(60% - ( ( 4% ) * 0.6 ) );\"><div class=\"fusion-column-wrapper fusion-flex-column-wrapper-legacy\"><div class=\"fusion-title title fusion-title-3 fusion-title-text fusion-title-size-two\"><h2 class=\"fusion-title-heading title-heading-left fusion-responsive-typography-calculated\" style=\"margin:0;--fontSize:28;line-height:1.5;\">Consultation de suivi\u00a0: environ 1h<\/h2><span class=\"awb-title-spacer\"><\/span><div class=\"title-sep-container\"><div class=\"title-sep sep-double sep-solid\" style=\"border-color:#e0dede;\"><\/div><\/div><\/div><div class=\"fusion-text fusion-text-3\"><p style=\"text-align: justify;\">Suite au bilan initial, nous mettrons en place des consultations de suivi. Celles-ci sont indispensables pour \u00e9valuer l\u2019efficacit\u00e9 de la prise en charge sur le long terme. Le nombre de consultations de suivi n\u2019est pas pr\u00e9d\u00e9fini. C\u2019est individuel, et cela d\u00e9pendra des besoins ainsi que des difficult\u00e9s rencontr\u00e9es lors de la prise en charge. Chaque individu est diff\u00e9rent.<\/p>\n<p style=\"text-align: justify;\">Les consultations de suivi permettent d\u2019\u00e9valuer l\u2019efficacit\u00e9 de la prise en charge. Ces consultations permettent aussi d\u2019avoir un soutien permanent de le\/la di\u00e9t\u00e9ticien(ne), afin de ne pas perdre de vue les objectifs fix\u00e9s ensemble.<\/p>\n<h1><\/h1>\n<div class=\"table-2\"><\/div>\n<\/div><div class=\"fusion-clearfix\"><\/div><\/div><\/div><div class=\"fusion-layout-column fusion_builder_column fusion-builder-column-3 fusion_builder_column_1_1 1_1 fusion-one-full fusion-column-first fusion-column-last\" style=\"--awb-bg-size:cover;\"><div class=\"fusion-column-wrapper fusion-flex-column-wrapper-legacy\"><div class=\"fusion-title title fusion-title-4 fusion-title-center fusion-title-text fusion-title-size-one\"><div class=\"title-sep-container title-sep-container-left\"><div class=\"title-sep sep-double sep-solid\" style=\"border-color:#e0dede;\"><\/div><\/div><span class=\"awb-title-spacer\"><\/span><h1 class=\"fusion-title-heading title-heading-center fusion-responsive-typography-calculated\" style=\"margin:0;--fontSize:34;line-height:1.41;\">Honoraires\/Remboursement<\/h1><span class=\"awb-title-spacer\"><\/span><div class=\"title-sep-container title-sep-container-right\"><div class=\"title-sep sep-double sep-solid\" style=\"border-color:#e0dede;\"><\/div><\/div><\/div><div class=\"fusion-title title fusion-title-5 fusion-sep-none fusion-title-text fusion-title-size-two\"><h2 class=\"fusion-title-heading title-heading-left fusion-responsive-typography-calculated\" style=\"margin:0;--fontSize:28;line-height:1.5;\">Consultation individuelle<\/h2><\/div><div class=\"fusion-text fusion-text-4\"><div class=\"table-2\">\n<table width=\"100%\">\n<thead>\n<tr>\n<th style=\"text-align: center;\">Motif de Consultation<\/th>\n<th style=\"text-align: center;\">Tarifs<\/th>\n<\/tr>\n<\/thead>\n<tbody>\n<tr>\n<td style=\"text-align: center;\">Bilan nutritionnel (1<sup>\u00e8re<\/sup> consultation)<\/td>\n<td style=\"text-align: center;\">50\u20ac<\/td>\n<\/tr>\n<tr>\n<td style=\"text-align: center;\">Consultations de suivi<\/td>\n<td style=\"text-align: center;\">50\u20ac<\/td>\n<\/tr>\n<\/tbody>\n<\/table>\n<\/div>\n<div class=\"table-2\" style=\"text-align: center;\"><\/div>\n<\/div><div class=\"fusion-title title fusion-title-6 fusion-sep-none fusion-title-text fusion-title-size-two\"><h2 class=\"fusion-title-heading title-heading-left fusion-responsive-typography-calculated\" style=\"margin:0;--fontSize:28;line-height:1.5;\">Consultation \u00ab\u00a0DUO\u00a0\u00bb<\/h2><\/div><div class=\"fusion-text fusion-text-5\"><div class=\"table-2\">\n<table width=\"100%\">\n<thead>\n<tr>\n<th style=\"text-align: center;\">Motif de Consultation<\/th>\n<th style=\"text-align: center;\">Tarifs<\/th>\n<\/tr>\n<\/thead>\n<tbody>\n<tr>\n<td style=\"text-align: center;\">Bilan nutritionnel (1<sup>\u00e8re<\/sup> consultation)<\/td>\n<td style=\"text-align: center;\">80\u20ac<\/td>\n<\/tr>\n<tr>\n<td style=\"text-align: center;\">Consultations de suivi<\/td>\n<td style=\"text-align: center;\">80\u20ac<\/td>\n<\/tr>\n<\/tbody>\n<\/table>\n<\/div>\n<div class=\"table-2\" style=\"text-align: center;\"><\/div>\n<\/div><div class=\"fusion-title title fusion-title-7 fusion-sep-none fusion-title-text fusion-title-size-two\"><h2 class=\"fusion-title-heading title-heading-left fusion-responsive-typography-calculated\" style=\"margin:0;--fontSize:28;line-height:1.5;\">Consultation\u00a0par internet<\/h2><\/div><div class=\"fusion-text fusion-text-6\"><div class=\"table-2\">\n<div class=\"table-2\">\n<table width=\"100%\">\n<thead>\n<tr>\n<th style=\"text-align: center;\">Coaching par internet (Par le biais de Skype)<\/th>\n<th style=\"text-align: center;\">Tarifs<\/th>\n<\/tr>\n<\/thead>\n<tbody>\n<tr>\n<td style=\"text-align: center;\">Bilan nutritionnel par internet (1<sup>\u00e8re<\/sup>\u00a0consultation)<\/td>\n<td style=\"text-align: center;\">40\u20ac<\/td>\n<\/tr>\n<tr>\n<td style=\"text-align: center;\">Consultations de suivi par internet<\/td>\n<td style=\"text-align: center;\">30\u20ac<\/td>\n<\/tr>\n<\/tbody>\n<\/table>\n<\/div>\n<\/div>\n<\/div><div class=\"fusion-title title fusion-title-8 fusion-sep-none fusion-title-text fusion-title-size-two\"><h2 class=\"fusion-title-heading title-heading-left fusion-responsive-typography-calculated\" style=\"margin:0;--fontSize:28;line-height:1.5;\"><div class=\"\"><span class=\"\">R\u00e8glement des consultations\u00a0<\/span><\/div><\/h2><\/div><div class=\"fusion-text fusion-text-7\"><div class=\"\">\n<div class=\"\"><span class=\"\">Ch\u00e8ques ou esp\u00e8ces.<\/span><\/div>\n<div class=\"\"><span class=\"\">Facilit\u00e9 de paiement possibles.<\/span><\/div>\n<\/div>\n<\/div><div class=\"fusion-title title fusion-title-9 fusion-sep-none fusion-title-text fusion-title-size-two\"><h2 class=\"fusion-title-heading title-heading-left fusion-responsive-typography-calculated\" style=\"margin:0;--fontSize:28;line-height:1.5;\"><div class=\"\">\n<div class=\"\"><span class=\"\">Le remboursement des consultations di\u00e9t\u00e9tiques<\/span><\/div>\n<\/div><\/h2><\/div><div class=\"fusion-text fusion-text-8\"><div class=\"\">\n<div class=\"\">\n<div class=\"\" style=\"text-align: justify;\"><span class=\"\">Les consultations di\u00e9t\u00e9tiques ne sont pas rembours\u00e9es par la s\u00e9curit\u00e9 sociale. Cependant, certaines mutuelles prennent en charge un forfait di\u00e9t\u00e9tique par ann\u00e9e. Informez-vous donc d\u00e8s maintenant afin de savoir si la v\u00f4tre peut prendre en charge les consultations di\u00e9t\u00e9tiques.\u00a0<\/span><\/div>\n<\/div>\n<\/div>\n<\/div><div class=\"fusion-clearfix\"><\/div><\/div><\/div><\/div><div class=\"fusion-builder-row fusion-row\"><\/div><\/div>\n","protected":false},"excerpt":{"rendered":"","protected":false},"author":1,"featured_media":0,"parent":0,"menu_order":0,"comment_status":"open","ping_status":"open","template":"","meta":{"footnotes":""},"class_list":["post-1412","page","type-page","status-publish","hentry"],"yoast_head":"<!-- This site is optimized with the Yoast SEO plugin v27.4 - https:\/\/yoast.com\/product\/yoast-seo-wordpress\/ -->\n<title>La Consultation Di\u00e9t\u00e9tique - P\u00f4le Equilibre&amp;Sant\u00e9 de Moselle - Yutz<\/title>\n<meta name=\"description\" content=\"La Consultation Di\u00e9t\u00e9tique :\" \/>\n<meta name=\"robots\" content=\"index, follow, max-snippet:-1, max-image-preview:large, max-video-preview:-1\" \/>\n<link rel=\"canonical\" href=\"https:\/\/pes-moselle.fr\/yutz\/consultation-dietetique\/\" \/>\n<meta property=\"og:locale\" content=\"fr_FR\" \/>\n<meta property=\"og:type\" content=\"article\" \/>\n<meta property=\"og:title\" content=\"La Consultation Di\u00e9t\u00e9tique - P\u00f4le Equilibre&amp;Sant\u00e9 de Moselle - Yutz\" \/>\n<meta property=\"og:description\" content=\"La Consultation Di\u00e9t\u00e9tique :\" \/>\n<meta property=\"og:url\" content=\"https:\/\/pes-moselle.fr\/yutz\/consultation-dietetique\/\" \/>\n<meta property=\"og:site_name\" content=\"P\u00f4le Equilibre&amp;Sant\u00e9 de Yutz - Thionville\" \/>\n<meta property=\"article:modified_time\" content=\"2021-09-22T17:55:37+00:00\" \/>\n<meta name=\"twitter:card\" content=\"summary_large_image\" \/>\n<meta name=\"twitter:label1\" content=\"Dur\u00e9e de lecture estim\u00e9e\" \/>\n\t<meta name=\"twitter:data1\" content=\"4 minutes\" \/>\n<script type=\"application\/ld+json\" class=\"yoast-schema-graph\">{\"@context\":\"https:\\\/\\\/schema.org\",\"@graph\":[{\"@type\":\"WebPage\",\"@id\":\"https:\\\/\\\/pes-moselle.fr\\\/yutz\\\/consultation-dietetique\\\/\",\"url\":\"https:\\\/\\\/pes-moselle.fr\\\/yutz\\\/consultation-dietetique\\\/\",\"name\":\"La Consultation Di\u00e9t\u00e9tique - P\u00f4le Equilibre&Sant\u00e9 de Moselle - Yutz\",\"isPartOf\":{\"@id\":\"https:\\\/\\\/pes-moselle.fr\\\/yutz\\\/#website\"},\"datePublished\":\"2014-03-24T16:51:59+00:00\",\"dateModified\":\"2021-09-22T17:55:37+00:00\",\"description\":\"La Consultation Di\u00e9t\u00e9tique :\",\"breadcrumb\":{\"@id\":\"https:\\\/\\\/pes-moselle.fr\\\/yutz\\\/consultation-dietetique\\\/#breadcrumb\"},\"inLanguage\":\"fr-FR\",\"potentialAction\":[{\"@type\":\"ReadAction\",\"target\":[\"https:\\\/\\\/pes-moselle.fr\\\/yutz\\\/consultation-dietetique\\\/\"]}]},{\"@type\":\"BreadcrumbList\",\"@id\":\"https:\\\/\\\/pes-moselle.fr\\\/yutz\\\/consultation-dietetique\\\/#breadcrumb\",\"itemListElement\":[{\"@type\":\"ListItem\",\"position\":1,\"name\":\"Accueil\",\"item\":\"https:\\\/\\\/pes-moselle.fr\\\/yutz\\\/\"},{\"@type\":\"ListItem\",\"position\":2,\"name\":\"La Consultation Di\u00e9t\u00e9tique\"}]},{\"@type\":\"WebSite\",\"@id\":\"https:\\\/\\\/pes-moselle.fr\\\/yutz\\\/#website\",\"url\":\"https:\\\/\\\/pes-moselle.fr\\\/yutz\\\/\",\"name\":\"P\u00f4le Equilibre&amp;Sant\u00e9 de Yutz - Thionville\",\"description\":\"\",\"potentialAction\":[{\"@type\":\"SearchAction\",\"target\":{\"@type\":\"EntryPoint\",\"urlTemplate\":\"https:\\\/\\\/pes-moselle.fr\\\/yutz\\\/?s={search_term_string}\"},\"query-input\":{\"@type\":\"PropertyValueSpecification\",\"valueRequired\":true,\"valueName\":\"search_term_string\"}}],\"inLanguage\":\"fr-FR\"}]}<\/script>\n<!-- \/ Yoast SEO plugin. -->","yoast_head_json":{"title":"La Consultation Di\u00e9t\u00e9tique - P\u00f4le Equilibre&Sant\u00e9 de Moselle - Yutz","description":"La Consultation Di\u00e9t\u00e9tique :","robots":{"index":"index","follow":"follow","max-snippet":"max-snippet:-1","max-image-preview":"max-image-preview:large","max-video-preview":"max-video-preview:-1"},"canonical":"https:\/\/pes-moselle.fr\/yutz\/consultation-dietetique\/","og_locale":"fr_FR","og_type":"article","og_title":"La Consultation Di\u00e9t\u00e9tique - P\u00f4le Equilibre&Sant\u00e9 de Moselle - Yutz","og_description":"La Consultation Di\u00e9t\u00e9tique :","og_url":"https:\/\/pes-moselle.fr\/yutz\/consultation-dietetique\/","og_site_name":"P\u00f4le Equilibre&amp;Sant\u00e9 de Yutz - Thionville","article_modified_time":"2021-09-22T17:55:37+00:00","twitter_card":"summary_large_image","twitter_misc":{"Dur\u00e9e de lecture estim\u00e9e":"4 minutes"},"schema":{"@context":"https:\/\/schema.org","@graph":[{"@type":"WebPage","@id":"https:\/\/pes-moselle.fr\/yutz\/consultation-dietetique\/","url":"https:\/\/pes-moselle.fr\/yutz\/consultation-dietetique\/","name":"La Consultation Di\u00e9t\u00e9tique - P\u00f4le Equilibre&Sant\u00e9 de Moselle - Yutz","isPartOf":{"@id":"https:\/\/pes-moselle.fr\/yutz\/#website"},"datePublished":"2014-03-24T16:51:59+00:00","dateModified":"2021-09-22T17:55:37+00:00","description":"La Consultation Di\u00e9t\u00e9tique :","breadcrumb":{"@id":"https:\/\/pes-moselle.fr\/yutz\/consultation-dietetique\/#breadcrumb"},"inLanguage":"fr-FR","potentialAction":[{"@type":"ReadAction","target":["https:\/\/pes-moselle.fr\/yutz\/consultation-dietetique\/"]}]},{"@type":"BreadcrumbList","@id":"https:\/\/pes-moselle.fr\/yutz\/consultation-dietetique\/#breadcrumb","itemListElement":[{"@type":"ListItem","position":1,"name":"Accueil","item":"https:\/\/pes-moselle.fr\/yutz\/"},{"@type":"ListItem","position":2,"name":"La Consultation Di\u00e9t\u00e9tique"}]},{"@type":"WebSite","@id":"https:\/\/pes-moselle.fr\/yutz\/#website","url":"https:\/\/pes-moselle.fr\/yutz\/","name":"P\u00f4le Equilibre&amp;Sant\u00e9 de Yutz - Thionville","description":"","potentialAction":[{"@type":"SearchAction","target":{"@type":"EntryPoint","urlTemplate":"https:\/\/pes-moselle.fr\/yutz\/?s={search_term_string}"},"query-input":{"@type":"PropertyValueSpecification","valueRequired":true,"valueName":"search_term_string"}}],"inLanguage":"fr-FR"}]}},"_links":{"self":[{"href":"https:\/\/pes-moselle.fr\/yutz\/wp-json\/wp\/v2\/pages\/1412","targetHints":{"allow":["GET"]}}],"collection":[{"href":"https:\/\/pes-moselle.fr\/yutz\/wp-json\/wp\/v2\/pages"}],"about":[{"href":"https:\/\/pes-moselle.fr\/yutz\/wp-json\/wp\/v2\/types\/page"}],"author":[{"embeddable":true,"href":"https:\/\/pes-moselle.fr\/yutz\/wp-json\/wp\/v2\/users\/1"}],"replies":[{"embeddable":true,"href":"https:\/\/pes-moselle.fr\/yutz\/wp-json\/wp\/v2\/comments?post=1412"}],"version-history":[{"count":19,"href":"https:\/\/pes-moselle.fr\/yutz\/wp-json\/wp\/v2\/pages\/1412\/revisions"}],"predecessor-version":[{"id":2623,"href":"https:\/\/pes-moselle.fr\/yutz\/wp-json\/wp\/v2\/pages\/1412\/revisions\/2623"}],"wp:attachment":[{"href":"https:\/\/pes-moselle.fr\/yutz\/wp-json\/wp\/v2\/media?parent=1412"}],"curies":[{"name":"wp","href":"https:\/\/api.w.org\/{rel}","templated":true}]}}