{"id":1570,"date":"2014-04-24T16:12:09","date_gmt":"2014-04-24T15:12:09","guid":{"rendered":"https:\/\/pes-moselle.fr\/yutz\/?page_id=1570"},"modified":"2017-10-09T15:49:28","modified_gmt":"2017-10-09T13:49:28","slug":"dieteticienne-yutz","status":"publish","type":"page","link":"https:\/\/pes-moselle.fr\/yutz\/dieteticienne-yutz\/","title":{"rendered":"Votre Di\u00e9t\u00e9ticienne Yutz"},"content":{"rendered":"<div class=\"fusion-fullwidth fullwidth-box fusion-builder-row-1 nonhundred-percent-fullwidth non-hundred-percent-height-scrolling\" style=\"--awb-border-radius-top-left:0px;--awb-border-radius-top-right:0px;--awb-border-radius-bottom-right:0px;--awb-border-radius-bottom-left:0px;--awb-flex-wrap:wrap;\" ><div class=\"fusion-builder-row fusion-row\"><div class=\"fusion-layout-column fusion_builder_column fusion-builder-column-0 fusion_builder_column_1_1 1_1 fusion-one-full fusion-column-first fusion-column-last\" style=\"--awb-bg-size:cover;\"><div class=\"fusion-column-wrapper fusion-flex-column-wrapper-legacy\"><div class=\"fusion-title title fusion-title-1 fusion-title-center fusion-title-text fusion-title-size-one\"><div class=\"title-sep-container title-sep-container-left\"><div class=\"title-sep sep-double sep-solid\" style=\"border-color:#e0dede;\"><\/div><\/div><span class=\"awb-title-spacer\"><\/span><h1 class=\"fusion-title-heading title-heading-center fusion-responsive-typography-calculated\" style=\"margin:0;--fontSize:34;line-height:1.41;\">Di\u00e9t\u00e9ticienne Yutz<\/h1><span class=\"awb-title-spacer\"><\/span><div class=\"title-sep-container title-sep-container-right\"><div class=\"title-sep sep-double sep-solid\" style=\"border-color:#e0dede;\"><\/div><\/div><\/div><div class=\"fusion-person person fusion-person-left fusion-person-1 fusion-person-icon-top\" style=\"--awb-pic-style-color:#000000;--awb-pic-borderradius:0px;--awb-margin-top:0px;--awb-margin-right:0px;--awb-margin-bottom:0px;--awb-margin-left:0px;--awb-social-box-border-top:0px;--awb-social-box-border-right:0px;--awb-social-box-border-bottom:0px;--awb-social-box-border-left:0px;--awb-social-box-border-color:var(--awb-color3);--awb-social-box-border-color-hover:var(--awb-color4);--awb-social-box-colors-hover:rgba(232,232,232,0.8);--awb-social-icon-boxed-colors:#e8e8e8;--awb-social-icon-colors:#82c9f0;--awb-social-icon-colors-hover:rgba(130,201,240,0.8);\"><div class=\"person-desc\"><div class=\"person-author\"><div class=\"person-author-wrapper\"><span class=\"person-name\">Margot Hubert<\/span><span class=\"person-title\">Di\u00e9t\u00e9ticienne Nutritionniste D.E.<\/span><\/div><div class=\"fusion-social-networks\"><div class=\"fusion-social-networks-wrapper\"><a class=\"fusion-social-network-icon fusion-tooltip fusion-facebook awb-icon-facebook custom\" aria-label=\"fusion-facebook\" href=\"https:\/\/www.facebook.com\/pes.moselle\" target=\"_blank\" rel=\"noopener noreferrer\" style=\"color:#82c9f0;font-size:16px;\" data-placement=\"top\" data-title=\"Facebook\" title=\"Facebook\" data-toggle=\"tooltip\"><\/a><a class=\"fusion-social-network-icon fusion-tooltip fusion-twitter awb-icon-twitter custom\" aria-label=\"fusion-twitter\" href=\"http:\/\/twitter.com\/pesfrance\" target=\"_blank\" rel=\"noopener noreferrer\" style=\"color:#82c9f0;font-size:16px;\" data-placement=\"top\" data-title=\"Twitter\" title=\"Twitter\" data-toggle=\"tooltip\"><\/a><\/div><\/div><\/div><div class=\"person-content fusion-clearfix\"><\/div><\/div><\/div><div class=\"fusion-text fusion-text-1\"><p style=\"text-align: justify;\">Votre Di\u00e9t\u00e9ticienne \u00e0 Yutz, Margot Hubert, est titulaire d\u2019un Dipl\u00f4me Universitaire de Technologie G\u00e9nie Biologie Sant\u00e9 option Di\u00e9t\u00e9tique.<\/p>\n<p style=\"text-align: justify;\">Elle a suivi une formation de 2 ans \u00e0 <a href=\"http:\/\/iutnb.univ-lorraine.fr\/\">l\u2019IUT du Montet de Nancy-Brabois<\/a>.<\/p>\n<p style=\"text-align: justify;\">Depuis l\u2019obtention de son dipl\u00f4me fin septembre 2012, votre di\u00e9t\u00e9ticienne a travaill\u00e9 pendant 7 mois au <a href=\"http:\/\/www.ladapt.net\">Centre de M\u00e9decine Physique et de R\u00e9adaptation L\u2019Adapt Thionis \u00e0 Thionville<\/a>.<\/p>\n<p style=\"text-align: justify;\">Elle a ensuite travaill\u00e9 pendant 3 ans au <a href=\"http:\/\/www.chr-metz-thionville.fr\/\">CHR Metz-Thionville<\/a>, \u00e0 l\u2019H\u00f4pital de Mercy, o\u00f9 elle s\u2019est occup\u00e9e des services de diab\u00e9tologie, de m\u00e9decine polyvalente, de g\u00e9riatrie, de n\u00e9phrologie, ainsi que de la prise en charge du surpoids et de l\u2019ob\u00e9sit\u00e9, dont des patients ayants recours \u00e0 une chirurgie bariatrique (pr\u00e9-op et post-op).<\/p>\n<p style=\"text-align: justify;\">Depuis mars 2017, elle a int\u00e9gr\u00e9 les <a href=\"http:\/\/www.hpmetz.fr\">H\u00f4pitaux Priv\u00e9s de Metz<\/a>, o\u00f9 elle a travaill\u00e9 pendant 6 mois \u00e0 l\u2019h\u00f4pital Belle-Isle dans les services de m\u00e9decine interne, d\u2019oncologie, de cardiologie (dans un programme d\u2019Education Th\u00e9rapeutique avec de la R\u00e9\u00e9ducation cardiaque).<\/p>\n<p style=\"text-align: justify;\">A ce jour, elle vient d\u2019int\u00e9grer l\u2019\u00e9quipe di\u00e9t\u00e9tique de <a href=\"http:\/\/www.hpmetz.fr\/fr\/etablissement\/hopital-robert-schuman\">l\u2019h\u00f4pital Robert Schuman<\/a>. Elle y travaille \u00e0 mi- temps, et s\u2019occupe des services de chirurgie digestive, d\u2019h\u00e9pato-gastro-ent\u00e9rologie, d\u2019urologie, et de soins continus.<\/p>\n<p style=\"text-align: justify;\">Depuis le d\u00e9but de son activit\u00e9 lib\u00e9rale en janvier 2014, votre di\u00e9t\u00e9ticienne a int\u00e9gr\u00e9 de nombreux programmes externes d\u2019Education Th\u00e9rapeutique du Patient (diab\u00e9tologie, surpoids et ob\u00e9sit\u00e9 infantile, rhumatologie). Elle anime des ateliers culinaires dans diff\u00e9rentes associations. Elle a donn\u00e9 des cours \u00e0 la Facult\u00e9 de Metz, ainsi qu\u2019\u00e0 l\u2019IFSI de Thionville et de Metz. Elle fait partie de plusieurs associations o\u00f9 elle anime des ateliers de pr\u00e9vention sant\u00e9.<\/p>\n<p style=\"text-align: justify;\">Le fait d\u2019int\u00e9grer toutes ces \u00e9quipes diff\u00e9rentes lui permet de travailler en pluridisciplinarit\u00e9 avec d\u2019autres professionnels de sant\u00e9 : m\u00e9decin, infirmier, psychologue, kin\u00e9sith\u00e9rapeute, ost\u00e9opathe, sophrologue, orthophoniste, enseignant d\u2019activit\u00e9 physique adapt\u00e9e,\u2026<\/p>\n<p style=\"text-align: justify;\">Gr\u00e2ce \u00e0 toutes ces activit\u00e9s professionnelles enrichissantes et vari\u00e9es, votre Di\u00e9t\u00e9ticienne Nutritionniste D.E. \u00e0 Yutz vous assure une prise en charge di\u00e9t\u00e9tique compl\u00e8te et adapt\u00e9e \u00e0 chaque patient ainsi qu\u2019\u00e0 chaque pathologie, toujours en respectant le secret professionnel.<\/p>\n<\/div><div class=\"fusion-clearfix\"><\/div><\/div><\/div><\/div><\/div>\n","protected":false},"excerpt":{"rendered":"","protected":false},"author":1,"featured_media":0,"parent":0,"menu_order":0,"comment_status":"open","ping_status":"open","template":"","meta":{"footnotes":""},"class_list":["post-1570","page","type-page","status-publish","hentry"],"yoast_head":"<!-- This site is optimized with the Yoast SEO plugin v27.5 - https:\/\/yoast.com\/product\/yoast-seo-wordpress\/ -->\n<title>Di\u00e9t\u00e9ticienne Yutz - P\u00f4le Equilibre&amp;Sant\u00e9 de Moselle - Yutz<\/title>\n<meta name=\"description\" content=\"Di\u00e9t\u00e9ticienne Yutz : Margot Hubert, membre du P\u00f4le Equilibre&amp;Sant\u00e9 de Moselle - Yutz consulte \u00e0 votre domicile ou par internet pour un suivi personnalis\u00e9.\" \/>\n<meta name=\"robots\" content=\"index, follow, max-snippet:-1, max-image-preview:large, max-video-preview:-1\" \/>\n<link rel=\"canonical\" href=\"https:\/\/pes-moselle.fr\/yutz\/dieteticienne-yutz\/\" \/>\n<meta property=\"og:locale\" content=\"fr_FR\" \/>\n<meta property=\"og:type\" content=\"article\" \/>\n<meta property=\"og:title\" content=\"Di\u00e9t\u00e9ticienne Yutz - P\u00f4le Equilibre&amp;Sant\u00e9 de Moselle - Yutz\" \/>\n<meta property=\"og:description\" content=\"Di\u00e9t\u00e9ticienne Yutz : Margot Hubert, membre du P\u00f4le Equilibre&amp;Sant\u00e9 de Moselle - Yutz consulte \u00e0 votre domicile ou par internet pour un suivi personnalis\u00e9.\" \/>\n<meta property=\"og:url\" content=\"https:\/\/pes-moselle.fr\/yutz\/dieteticienne-yutz\/\" \/>\n<meta property=\"og:site_name\" content=\"P\u00f4le Equilibre&amp;Sant\u00e9 de Yutz - Thionville\" \/>\n<meta property=\"article:modified_time\" content=\"2017-10-09T13:49:28+00:00\" \/>\n<meta name=\"twitter:card\" content=\"summary_large_image\" \/>\n<meta name=\"twitter:label1\" content=\"Dur\u00e9e de lecture estim\u00e9e\" \/>\n\t<meta name=\"twitter:data1\" content=\"3 minutes\" \/>\n<script type=\"application\/ld+json\" class=\"yoast-schema-graph\">{\"@context\":\"https:\\\/\\\/schema.org\",\"@graph\":[{\"@type\":\"WebPage\",\"@id\":\"https:\\\/\\\/pes-moselle.fr\\\/yutz\\\/dieteticienne-yutz\\\/\",\"url\":\"https:\\\/\\\/pes-moselle.fr\\\/yutz\\\/dieteticienne-yutz\\\/\",\"name\":\"Di\u00e9t\u00e9ticienne Yutz - P\u00f4le Equilibre&Sant\u00e9 de Moselle - Yutz\",\"isPartOf\":{\"@id\":\"https:\\\/\\\/pes-moselle.fr\\\/yutz\\\/#website\"},\"datePublished\":\"2014-04-24T15:12:09+00:00\",\"dateModified\":\"2017-10-09T13:49:28+00:00\",\"description\":\"Di\u00e9t\u00e9ticienne Yutz : Margot Hubert, membre du P\u00f4le Equilibre&Sant\u00e9 de Moselle - Yutz consulte \u00e0 votre domicile ou par internet pour un suivi personnalis\u00e9.\",\"breadcrumb\":{\"@id\":\"https:\\\/\\\/pes-moselle.fr\\\/yutz\\\/dieteticienne-yutz\\\/#breadcrumb\"},\"inLanguage\":\"fr-FR\",\"potentialAction\":[{\"@type\":\"ReadAction\",\"target\":[\"https:\\\/\\\/pes-moselle.fr\\\/yutz\\\/dieteticienne-yutz\\\/\"]}]},{\"@type\":\"BreadcrumbList\",\"@id\":\"https:\\\/\\\/pes-moselle.fr\\\/yutz\\\/dieteticienne-yutz\\\/#breadcrumb\",\"itemListElement\":[{\"@type\":\"ListItem\",\"position\":1,\"name\":\"Accueil\",\"item\":\"https:\\\/\\\/pes-moselle.fr\\\/yutz\\\/\"},{\"@type\":\"ListItem\",\"position\":2,\"name\":\"Votre Di\u00e9t\u00e9ticienne Yutz\"}]},{\"@type\":\"WebSite\",\"@id\":\"https:\\\/\\\/pes-moselle.fr\\\/yutz\\\/#website\",\"url\":\"https:\\\/\\\/pes-moselle.fr\\\/yutz\\\/\",\"name\":\"P\u00f4le Equilibre&amp;Sant\u00e9 de Yutz - Thionville\",\"description\":\"\",\"potentialAction\":[{\"@type\":\"SearchAction\",\"target\":{\"@type\":\"EntryPoint\",\"urlTemplate\":\"https:\\\/\\\/pes-moselle.fr\\\/yutz\\\/?s={search_term_string}\"},\"query-input\":{\"@type\":\"PropertyValueSpecification\",\"valueRequired\":true,\"valueName\":\"search_term_string\"}}],\"inLanguage\":\"fr-FR\"}]}<\/script>\n<!-- \/ Yoast SEO plugin. -->","yoast_head_json":{"title":"Di\u00e9t\u00e9ticienne Yutz - P\u00f4le Equilibre&Sant\u00e9 de Moselle - Yutz","description":"Di\u00e9t\u00e9ticienne Yutz : Margot Hubert, membre du P\u00f4le Equilibre&Sant\u00e9 de Moselle - Yutz consulte \u00e0 votre domicile ou par internet pour un suivi personnalis\u00e9.","robots":{"index":"index","follow":"follow","max-snippet":"max-snippet:-1","max-image-preview":"max-image-preview:large","max-video-preview":"max-video-preview:-1"},"canonical":"https:\/\/pes-moselle.fr\/yutz\/dieteticienne-yutz\/","og_locale":"fr_FR","og_type":"article","og_title":"Di\u00e9t\u00e9ticienne Yutz - P\u00f4le Equilibre&Sant\u00e9 de Moselle - Yutz","og_description":"Di\u00e9t\u00e9ticienne Yutz : Margot Hubert, membre du P\u00f4le Equilibre&Sant\u00e9 de Moselle - Yutz consulte \u00e0 votre domicile ou par internet pour un suivi personnalis\u00e9.","og_url":"https:\/\/pes-moselle.fr\/yutz\/dieteticienne-yutz\/","og_site_name":"P\u00f4le Equilibre&amp;Sant\u00e9 de Yutz - Thionville","article_modified_time":"2017-10-09T13:49:28+00:00","twitter_card":"summary_large_image","twitter_misc":{"Dur\u00e9e de lecture estim\u00e9e":"3 minutes"},"schema":{"@context":"https:\/\/schema.org","@graph":[{"@type":"WebPage","@id":"https:\/\/pes-moselle.fr\/yutz\/dieteticienne-yutz\/","url":"https:\/\/pes-moselle.fr\/yutz\/dieteticienne-yutz\/","name":"Di\u00e9t\u00e9ticienne Yutz - P\u00f4le Equilibre&Sant\u00e9 de Moselle - Yutz","isPartOf":{"@id":"https:\/\/pes-moselle.fr\/yutz\/#website"},"datePublished":"2014-04-24T15:12:09+00:00","dateModified":"2017-10-09T13:49:28+00:00","description":"Di\u00e9t\u00e9ticienne Yutz : Margot Hubert, membre du P\u00f4le Equilibre&Sant\u00e9 de Moselle - Yutz consulte \u00e0 votre domicile ou par internet pour un suivi personnalis\u00e9.","breadcrumb":{"@id":"https:\/\/pes-moselle.fr\/yutz\/dieteticienne-yutz\/#breadcrumb"},"inLanguage":"fr-FR","potentialAction":[{"@type":"ReadAction","target":["https:\/\/pes-moselle.fr\/yutz\/dieteticienne-yutz\/"]}]},{"@type":"BreadcrumbList","@id":"https:\/\/pes-moselle.fr\/yutz\/dieteticienne-yutz\/#breadcrumb","itemListElement":[{"@type":"ListItem","position":1,"name":"Accueil","item":"https:\/\/pes-moselle.fr\/yutz\/"},{"@type":"ListItem","position":2,"name":"Votre Di\u00e9t\u00e9ticienne Yutz"}]},{"@type":"WebSite","@id":"https:\/\/pes-moselle.fr\/yutz\/#website","url":"https:\/\/pes-moselle.fr\/yutz\/","name":"P\u00f4le Equilibre&amp;Sant\u00e9 de Yutz - Thionville","description":"","potentialAction":[{"@type":"SearchAction","target":{"@type":"EntryPoint","urlTemplate":"https:\/\/pes-moselle.fr\/yutz\/?s={search_term_string}"},"query-input":{"@type":"PropertyValueSpecification","valueRequired":true,"valueName":"search_term_string"}}],"inLanguage":"fr-FR"}]}},"_links":{"self":[{"href":"https:\/\/pes-moselle.fr\/yutz\/wp-json\/wp\/v2\/pages\/1570","targetHints":{"allow":["GET"]}}],"collection":[{"href":"https:\/\/pes-moselle.fr\/yutz\/wp-json\/wp\/v2\/pages"}],"about":[{"href":"https:\/\/pes-moselle.fr\/yutz\/wp-json\/wp\/v2\/types\/page"}],"author":[{"embeddable":true,"href":"https:\/\/pes-moselle.fr\/yutz\/wp-json\/wp\/v2\/users\/1"}],"replies":[{"embeddable":true,"href":"https:\/\/pes-moselle.fr\/yutz\/wp-json\/wp\/v2\/comments?post=1570"}],"version-history":[{"count":7,"href":"https:\/\/pes-moselle.fr\/yutz\/wp-json\/wp\/v2\/pages\/1570\/revisions"}],"predecessor-version":[{"id":2442,"href":"https:\/\/pes-moselle.fr\/yutz\/wp-json\/wp\/v2\/pages\/1570\/revisions\/2442"}],"wp:attachment":[{"href":"https:\/\/pes-moselle.fr\/yutz\/wp-json\/wp\/v2\/media?parent=1570"}],"curies":[{"name":"wp","href":"https:\/\/api.w.org\/{rel}","templated":true}]}}