{"id":1603,"date":"2014-05-21T10:18:36","date_gmt":"2014-05-21T09:18:36","guid":{"rendered":"https:\/\/pes-moselle.fr\/yutz\/?page_id=1603"},"modified":"2016-11-13T18:49:19","modified_gmt":"2016-11-13T17:49:19","slug":"shockmaster-ice-ct","status":"publish","type":"page","link":"https:\/\/pes-moselle.fr\/yutz\/shockmaster-ice-ct\/","title":{"rendered":"ShockMaster Ice CT"},"content":{"rendered":"<p><div class=\"fusion-fullwidth fullwidth-box fusion-builder-row-1 nonhundred-percent-fullwidth non-hundred-percent-height-scrolling\" style=\"--awb-border-radius-top-left:0px;--awb-border-radius-top-right:0px;--awb-border-radius-bottom-right:0px;--awb-border-radius-bottom-left:0px;--awb-flex-wrap:wrap;\" ><div class=\"fusion-builder-row fusion-row\"><div class=\"fusion-layout-column fusion_builder_column fusion-builder-column-0 fusion_builder_column_1_1 1_1 fusion-one-full fusion-column-first fusion-column-last\" style=\"--awb-bg-size:cover;\"><div class=\"fusion-column-wrapper fusion-flex-column-wrapper-legacy\"><div class=\"fusion-title title fusion-title-1 fusion-title-center fusion-title-text fusion-title-size-one\"><div class=\"title-sep-container title-sep-container-left\"><div class=\"title-sep sep-double sep-solid\" style=\"border-color:#e0dede;\"><\/div><\/div><span class=\"awb-title-spacer\"><\/span><h1 class=\"fusion-title-heading title-heading-center fusion-responsive-typography-calculated\" style=\"margin:0;--fontSize:34;line-height:1.41;\">Cryoth\u00e9rapie<\/h1><span class=\"awb-title-spacer\"><\/span><div class=\"title-sep-container title-sep-container-right\"><div class=\"title-sep sep-double sep-solid\" style=\"border-color:#e0dede;\"><\/div><\/div><\/div><div class=\"fusion-image-element fusion-image-align-center in-legacy-container\" style=\"text-align:center;--awb-bottom-shadow-color:rgba(0,0,0,0.4);--awb-caption-title-font-family:var(--h2_typography-font-family);--awb-caption-title-font-weight:var(--h2_typography-font-weight);--awb-caption-title-font-style:var(--h2_typography-font-style);--awb-caption-title-size:var(--h2_typography-font-size);--awb-caption-title-transform:var(--h2_typography-text-transform);--awb-caption-title-line-height:var(--h2_typography-line-height);--awb-caption-title-letter-spacing:var(--h2_typography-letter-spacing);\"><div class=\"imageframe-align-center\"><div class=\"awb-image-frame awb-image-frame-1 awb-bottomshadow\"><span class=\" fusion-imageframe imageframe-bottomshadow imageframe-1 hover-type-none\"><img decoding=\"async\" width=\"918\" height=\"293\" title=\"cryotherapie\" src=\"https:\/\/pes-moselle.fr\/yutz\/wp-content\/uploads\/sites\/2\/2016\/11\/Cryoth\u00e9rapie.png\" alt class=\"img-responsive wp-image-2323\" srcset=\"https:\/\/pes-moselle.fr\/yutz\/wp-content\/uploads\/sites\/2\/2016\/11\/Cryoth\u00e9rapie-200x64.png 200w, https:\/\/pes-moselle.fr\/yutz\/wp-content\/uploads\/sites\/2\/2016\/11\/Cryoth\u00e9rapie-400x128.png 400w, https:\/\/pes-moselle.fr\/yutz\/wp-content\/uploads\/sites\/2\/2016\/11\/Cryoth\u00e9rapie-600x192.png 600w, https:\/\/pes-moselle.fr\/yutz\/wp-content\/uploads\/sites\/2\/2016\/11\/Cryoth\u00e9rapie-800x255.png 800w, https:\/\/pes-moselle.fr\/yutz\/wp-content\/uploads\/sites\/2\/2016\/11\/Cryoth\u00e9rapie.png 918w\" sizes=\"(max-width: 800px) 100vw, 918px\" \/><\/span><svg xmlns=\"http:\/\/www.w3.org\/2000\/svg\" version=\"1.1\" width=\"100%\" viewBox=\"0 0 600 28\" preserveAspectRatio=\"none\"><g clip-path=\"url(#a)\"><mask id=\"b\" style=\"mask-type:luminance\" maskUnits=\"userSpaceOnUse\" x=\"0\" y=\"0\" width=\"600\" height=\"28\"><path d=\"M0 0h600v28H0V0Z\" fill=\"#fff\"\/><\/mask><g filter=\"url(#c)\" mask=\"url(#b)\"><path d=\"M16.439-18.667h567.123v30.8S438.961-8.4 300-8.4C161.04-8.4 16.438 12.133 16.438 12.133v-30.8Z\" fill=\"#000\"\/><\/g><\/g><defs><clipPath id=\"a\"><path fill=\"#fff\" d=\"M0 0h600v28H0z\"\/><\/clipPath><filter id=\"c\" x=\"5.438\" y=\"-29.667\" width=\"589.123\" height=\"52.8\" filterUnits=\"userSpaceOnUse\" color-interpolation-filters=\"sRGB\"><feFlood flood-opacity=\"0\" result=\"BackgroundImageFix\"\/><feBlend in=\"SourceGraphic\" in2=\"BackgroundImageFix\" result=\"shape\"\/><feGaussianBlur stdDeviation=\"5.5\" result=\"effect1_foregroundBlur_3983_183\"\/><\/filter><\/defs><\/svg><\/div><\/div><\/div><div class=\"fusion-clearfix\"><\/div><\/div><\/div><\/div><\/div><div class=\"fusion-fullwidth fullwidth-box fusion-builder-row-2 nonhundred-percent-fullwidth non-hundred-percent-height-scrolling\" style=\"--awb-border-radius-top-left:0px;--awb-border-radius-top-right:0px;--awb-border-radius-bottom-right:0px;--awb-border-radius-bottom-left:0px;--awb-padding-top:20px;--awb-padding-bottom:20px;--awb-flex-wrap:wrap;\" ><div class=\"fusion-builder-row fusion-row\"><div class=\"fusion-layout-column fusion_builder_column fusion-builder-column-1 fusion_builder_column_1_1 1_1 fusion-one-full fusion-column-first fusion-column-last\" style=\"--awb-bg-size:cover;--awb-margin-top:30px;\"><div class=\"fusion-column-wrapper fusion-flex-column-wrapper-legacy\"><div class=\"fusion-text fusion-text-1\"><p style=\"text-align: justify;\">La cryoth\u00e9rapie est utilis\u00e9e depuis la nuit des temps dans le traitement de traumatismes. L\u2019utilisation de glace et de neige comme technique th\u00e9rapeutique a d\u00e9j\u00e0 \u00e9t\u00e9 signal\u00e9e par Hippocrate (460-377 avant J.-C.).<\/p>\n<p style=\"text-align: justify;\">La cryoth\u00e9rapie a largement \u00e9t\u00e9 utilis\u00e9e pour ses bienfaits mais de mani\u00e8re tout \u00e0 fait empirique. Cette m\u00e9thode de traitement g\u00e9n\u00e8re bien \u00e9videmment des r\u00e9sultats tr\u00e8s in\u00e9gaux et c\u2019est probablement la raison pour laquelle la cryoth\u00e9rapie est v\u00e9n\u00e9r\u00e9e par certains et d\u00e9cri\u00e9e par d\u2019autres.<\/p>\n<p style=\"text-align: justify;\">La m\u00e9thode d\u2019application de la cryoth\u00e9rapie a certes \u00e9volu\u00e9 mais c\u2019est surtout l\u2019\u00e9volution des connaissances physiologiques qui nous permet de mieux comprendre les effets et de d\u00e9finir les divers champs et modes d\u2019applications. Aujourd&rsquo;hui la cryoth\u00e9rapie se r\u00e9alise toujours en 2 \u00e9tapes :<\/p>\n<\/div><ul style=\"--awb-size:15px;--awb-line-height:25.5px;--awb-icon-width:25.5px;--awb-icon-height:25.5px;--awb-icon-margin:10.5px;--awb-content-margin:36px;\" class=\"fusion-checklist fusion-checklist-1 fusion-checklist-default type-icons\"><li class=\"fusion-li-item\" style=\"\"><span class=\"icon-wrapper circle-no\"><i class=\"fusion-li-icon fa fa-chevron-right\" aria-hidden=\"true\"><\/i><\/span><div class=\"fusion-li-item-content\">\n<p style=\"text-align: justify;\">La premi\u00e8re \u00e9tape est la cr\u00e9ation du choc thermique, c\u2019est-\u00e0-dire l\u2019abaissement de la temp\u00e9rature cutan\u00e9e le plus rapidement possible. Il est important que ce choc apparaisse le plus rapidement possible afin d\u2019\u00e9viter toute adaptation et mise en place de m\u00e9canismes de d\u00e9fense. Id\u00e9alement, il doit appara\u00eetre en moins de 3 minutes et si l\u2019on veut obtenir des r\u00e9actions \u00ab neuro r\u00e9flexes \u00bb il doit m\u00eame appara\u00eetre end\u00e9ans la minute.<\/p>\n<\/div><\/li><li class=\"fusion-li-item\" style=\"\"><span class=\"icon-wrapper circle-no\"><i class=\"fusion-li-icon fa fa-chevron-right\" aria-hidden=\"true\"><\/i><\/span><div class=\"fusion-li-item-content\">\n<p style=\"text-align: justify;\">La deuxi\u00e8me \u00e9tape est la stabilisation de la temp\u00e9rature. Elle sert \u00e0 cr\u00e9er et amplifier la \u00ab Hunting reaction \u00bb ainsi que refroidir le tissu musculaire (qui \u00e9tant plus en profondeur et poss\u00e9dant une certaine \u00ab masse \u00bb) afin de l\u2019utiliser comme \u00ab accumulateur \u00bb et ainsi faire perdurer les effets de la cryoth\u00e9rapie au-del\u00e0s de la fin du traitement. Le probl\u00e8me ici, sera de stabiliser la temp\u00e9rature cutan\u00e9e de mani\u00e8re \u00e0 obtenir les effets de la cryoth\u00e9rapie sans en avoir les risques cons\u00e9quents \u00e0 l\u2019utilisation de trop faible temp\u00e9rature cutan\u00e9e. L\u2019id\u00e9al est 12\u00b0 C.<\/p>\n<\/div><\/li><\/ul><div class=\"fusion-title title fusion-title-2 fusion-sep-none fusion-title-text fusion-title-size-two\"><h2 class=\"fusion-title-heading title-heading-left fusion-responsive-typography-calculated\" style=\"margin:0;--fontSize:28;line-height:1.5;\">Avantage du Schockmaster ICE CT<\/h2><\/div><div class=\"fusion-text fusion-text-2\"><p style=\"text-align: justify;\">Des avanc\u00e9es importantes dans le traitement par cryoth\u00e9rapie\u00a0: non seulement le Shockmaster ICE-CT (infrarouge) refroidit l&rsquo;air environnant, mais il s&rsquo;agit \u00e9galement du premier appareil de cryoth\u00e9rapie dot\u00e9 d&rsquo;un syst\u00e8me \u00e0 infrarouge (biofeedback). Vous obtenez ainsi une temp\u00e9rature constante sur toute la zone trait\u00e9e.<\/p>\n<p style=\"text-align: justify;\">Gr\u00e2ce aux fonctions intelligentes du Shockmaster ICE-CT, la cryoth\u00e9rapie n&rsquo;a jamais \u00e9t\u00e9 aussi facile, aussi s\u00fbre et aussi efficace.<\/p>\n<\/div><div class=\"fusion-title title fusion-title-3 fusion-sep-none fusion-title-text fusion-title-size-two\"><h2 class=\"fusion-title-heading title-heading-left fusion-responsive-typography-calculated\" style=\"margin:0;--fontSize:28;line-height:1.5;\">Les principaux effets et indications de la cryoth\u00e9rapie<\/h2><\/div><div class=\"fusion-title title fusion-title-4 fusion-sep-none fusion-title-text fusion-title-size-three\"><h3 class=\"fusion-title-heading title-heading-left fusion-responsive-typography-calculated\" style=\"margin:0;--fontSize:22;--minFontSize:22;line-height:1.5;\">Les effets de la cryoth\u00e9rapie<\/h3><\/div><div class=\"fusion-text fusion-text-3\"><p style=\"text-align: justify;\">Le froid peut entra\u00eener un ralentissement de la conduction nerveuse pour autant que la temp\u00e9rature cutan\u00e9e soit amen\u00e9e en dessous de 15\u00b0 C.<\/p>\n<p style=\"text-align: justify;\"><strong>Anti-inflammatoire :<\/strong><\/p>\n<p style=\"text-align: justify;\">L\u2019application rapide de froid engendre une diminution de la production des neurotransmetteurs responsables de l\u2019inflammation. Cela permet de diminuer de 70 \u00e0 80 % la quantit\u00e9 de substances provoquant la douleur, r\u00e9sultant en une r\u00e9action inflammatoire moins intense.<\/p>\n<p style=\"text-align: justify;\"><strong>Effets neurologique :<\/strong><\/p>\n<p style=\"text-align: justify;\">Comme nous l\u2019avons d\u00e9j\u00e0 vu, le froid peut aboutir \u00e0 l\u2019analg\u00e9sie \u00e0 condition d\u2019atteindre des temp\u00e9ratures inf\u00e9rieures \u00e0 15\u00b0 C. Le froid diminue \u00e9galement, temporairement, la spasticit\u00e9 musculaire ce qui permet de faire une mobilisation de l\u2019articulation.<\/p>\n<p style=\"text-align: justify;\"><strong>R\u00e9actions vasomotrices :<\/strong><\/p>\n<p style=\"text-align: justify;\">Le refroidissement tissulaire provoque une rapide vasoconstriction art\u00e9riolaire et capillaire obtenue par voie r\u00e9flexe (thermor\u00e9gulation). Il s\u2019agit d\u2019un m\u00e9canisme de s\u00e9curit\u00e9. Si l\u2019application de froid est maintenue suffisamment longtemps, elle est suivie d\u2019une vasodilatation. Cette vasodilatation paradoxale correspond \u00e0 une hyperh\u00e9mie de protection. Si l\u2019exposition est encore prolong\u00e9e, des p\u00e9riodes de vasodilatation et de vasoconstriction s\u2019alternent. Ce ph\u00e9nom\u00e8ne est appel\u00e9 \u00ab Hunting Reaction \u00bb ou \u00ab \u00c9chappement \u00bb.<\/p>\n<\/div><div class=\"fusion-title title fusion-title-5 fusion-sep-none fusion-title-text fusion-title-size-three\"><h3 class=\"fusion-title-heading title-heading-left fusion-responsive-typography-calculated\" style=\"margin:0;--fontSize:22;--minFontSize:22;line-height:1.5;\">Les indications\u00a0de la cryoth\u00e9rapie<\/h3><\/div><div class=\"fusion-text fusion-text-4\"><ul>\n<li style=\"text-align: justify;\">Traumatologie et m\u00e9dicine sportive<\/li>\n<li style=\"text-align: justify;\">Elongations, d\u00e9chirures, claquages, bursites, tendinopathies,\u2026<\/li>\n<li style=\"text-align: justify;\">Contractures musculaires, spasticit\u00e9,\u2026<\/li>\n<li style=\"text-align: justify;\">Rhumatologie<\/li>\n<li style=\"text-align: justify;\">Arthrose, arthrite,\u2026<\/li>\n<li style=\"text-align: justify;\">Th\u00e9rapie par ondes de choc<\/li>\n<li style=\"text-align: justify;\">Douleurs<\/li>\n<\/ul>\n<\/div><div class=\"fusion-clearfix\"><\/div><\/div><\/div><\/div><\/div><\/p>\n","protected":false},"excerpt":{"rendered":"","protected":false},"author":1,"featured_media":0,"parent":0,"menu_order":0,"comment_status":"open","ping_status":"open","template":"","meta":{"footnotes":""},"class_list":["post-1603","page","type-page","status-publish","hentry"],"yoast_head":"<!-- This site is optimized with the Yoast SEO plugin v27.4 - https:\/\/yoast.com\/product\/yoast-seo-wordpress\/ -->\n<title>ShockMaster Ice CT - P\u00f4le Equilibre&amp;Sant\u00e9 de Yutz - Thionville<\/title>\n<meta name=\"robots\" content=\"index, follow, max-snippet:-1, max-image-preview:large, max-video-preview:-1\" \/>\n<link rel=\"canonical\" href=\"https:\/\/pes-moselle.fr\/yutz\/shockmaster-ice-ct\/\" \/>\n<meta property=\"og:locale\" content=\"fr_FR\" \/>\n<meta property=\"og:type\" content=\"article\" \/>\n<meta property=\"og:title\" content=\"ShockMaster Ice CT - P\u00f4le Equilibre&amp;Sant\u00e9 de Yutz - Thionville\" \/>\n<meta property=\"og:url\" content=\"https:\/\/pes-moselle.fr\/yutz\/shockmaster-ice-ct\/\" \/>\n<meta property=\"og:site_name\" content=\"P\u00f4le Equilibre&amp;Sant\u00e9 de Yutz - Thionville\" \/>\n<meta property=\"article:modified_time\" content=\"2016-11-13T17:49:19+00:00\" \/>\n<meta name=\"twitter:card\" content=\"summary_large_image\" \/>\n<meta name=\"twitter:label1\" content=\"Dur\u00e9e de lecture estim\u00e9e\" \/>\n\t<meta name=\"twitter:data1\" content=\"6 minutes\" \/>\n<script type=\"application\/ld+json\" class=\"yoast-schema-graph\">{\"@context\":\"https:\\\/\\\/schema.org\",\"@graph\":[{\"@type\":\"WebPage\",\"@id\":\"https:\\\/\\\/pes-moselle.fr\\\/yutz\\\/shockmaster-ice-ct\\\/\",\"url\":\"https:\\\/\\\/pes-moselle.fr\\\/yutz\\\/shockmaster-ice-ct\\\/\",\"name\":\"ShockMaster Ice CT - P\u00f4le Equilibre&amp;Sant\u00e9 de Yutz - Thionville\",\"isPartOf\":{\"@id\":\"https:\\\/\\\/pes-moselle.fr\\\/yutz\\\/#website\"},\"datePublished\":\"2014-05-21T09:18:36+00:00\",\"dateModified\":\"2016-11-13T17:49:19+00:00\",\"breadcrumb\":{\"@id\":\"https:\\\/\\\/pes-moselle.fr\\\/yutz\\\/shockmaster-ice-ct\\\/#breadcrumb\"},\"inLanguage\":\"fr-FR\",\"potentialAction\":[{\"@type\":\"ReadAction\",\"target\":[\"https:\\\/\\\/pes-moselle.fr\\\/yutz\\\/shockmaster-ice-ct\\\/\"]}]},{\"@type\":\"BreadcrumbList\",\"@id\":\"https:\\\/\\\/pes-moselle.fr\\\/yutz\\\/shockmaster-ice-ct\\\/#breadcrumb\",\"itemListElement\":[{\"@type\":\"ListItem\",\"position\":1,\"name\":\"Accueil\",\"item\":\"https:\\\/\\\/pes-moselle.fr\\\/yutz\\\/\"},{\"@type\":\"ListItem\",\"position\":2,\"name\":\"ShockMaster Ice CT\"}]},{\"@type\":\"WebSite\",\"@id\":\"https:\\\/\\\/pes-moselle.fr\\\/yutz\\\/#website\",\"url\":\"https:\\\/\\\/pes-moselle.fr\\\/yutz\\\/\",\"name\":\"P\u00f4le Equilibre&amp;Sant\u00e9 de Yutz - Thionville\",\"description\":\"\",\"potentialAction\":[{\"@type\":\"SearchAction\",\"target\":{\"@type\":\"EntryPoint\",\"urlTemplate\":\"https:\\\/\\\/pes-moselle.fr\\\/yutz\\\/?s={search_term_string}\"},\"query-input\":{\"@type\":\"PropertyValueSpecification\",\"valueRequired\":true,\"valueName\":\"search_term_string\"}}],\"inLanguage\":\"fr-FR\"}]}<\/script>\n<!-- \/ Yoast SEO plugin. -->","yoast_head_json":{"title":"ShockMaster Ice CT - P\u00f4le Equilibre&amp;Sant\u00e9 de Yutz - Thionville","robots":{"index":"index","follow":"follow","max-snippet":"max-snippet:-1","max-image-preview":"max-image-preview:large","max-video-preview":"max-video-preview:-1"},"canonical":"https:\/\/pes-moselle.fr\/yutz\/shockmaster-ice-ct\/","og_locale":"fr_FR","og_type":"article","og_title":"ShockMaster Ice CT - P\u00f4le Equilibre&amp;Sant\u00e9 de Yutz - Thionville","og_url":"https:\/\/pes-moselle.fr\/yutz\/shockmaster-ice-ct\/","og_site_name":"P\u00f4le Equilibre&amp;Sant\u00e9 de Yutz - Thionville","article_modified_time":"2016-11-13T17:49:19+00:00","twitter_card":"summary_large_image","twitter_misc":{"Dur\u00e9e de lecture estim\u00e9e":"6 minutes"},"schema":{"@context":"https:\/\/schema.org","@graph":[{"@type":"WebPage","@id":"https:\/\/pes-moselle.fr\/yutz\/shockmaster-ice-ct\/","url":"https:\/\/pes-moselle.fr\/yutz\/shockmaster-ice-ct\/","name":"ShockMaster Ice CT - P\u00f4le Equilibre&amp;Sant\u00e9 de Yutz - Thionville","isPartOf":{"@id":"https:\/\/pes-moselle.fr\/yutz\/#website"},"datePublished":"2014-05-21T09:18:36+00:00","dateModified":"2016-11-13T17:49:19+00:00","breadcrumb":{"@id":"https:\/\/pes-moselle.fr\/yutz\/shockmaster-ice-ct\/#breadcrumb"},"inLanguage":"fr-FR","potentialAction":[{"@type":"ReadAction","target":["https:\/\/pes-moselle.fr\/yutz\/shockmaster-ice-ct\/"]}]},{"@type":"BreadcrumbList","@id":"https:\/\/pes-moselle.fr\/yutz\/shockmaster-ice-ct\/#breadcrumb","itemListElement":[{"@type":"ListItem","position":1,"name":"Accueil","item":"https:\/\/pes-moselle.fr\/yutz\/"},{"@type":"ListItem","position":2,"name":"ShockMaster Ice CT"}]},{"@type":"WebSite","@id":"https:\/\/pes-moselle.fr\/yutz\/#website","url":"https:\/\/pes-moselle.fr\/yutz\/","name":"P\u00f4le Equilibre&amp;Sant\u00e9 de Yutz - Thionville","description":"","potentialAction":[{"@type":"SearchAction","target":{"@type":"EntryPoint","urlTemplate":"https:\/\/pes-moselle.fr\/yutz\/?s={search_term_string}"},"query-input":{"@type":"PropertyValueSpecification","valueRequired":true,"valueName":"search_term_string"}}],"inLanguage":"fr-FR"}]}},"_links":{"self":[{"href":"https:\/\/pes-moselle.fr\/yutz\/wp-json\/wp\/v2\/pages\/1603","targetHints":{"allow":["GET"]}}],"collection":[{"href":"https:\/\/pes-moselle.fr\/yutz\/wp-json\/wp\/v2\/pages"}],"about":[{"href":"https:\/\/pes-moselle.fr\/yutz\/wp-json\/wp\/v2\/types\/page"}],"author":[{"embeddable":true,"href":"https:\/\/pes-moselle.fr\/yutz\/wp-json\/wp\/v2\/users\/1"}],"replies":[{"embeddable":true,"href":"https:\/\/pes-moselle.fr\/yutz\/wp-json\/wp\/v2\/comments?post=1603"}],"version-history":[{"count":4,"href":"https:\/\/pes-moselle.fr\/yutz\/wp-json\/wp\/v2\/pages\/1603\/revisions"}],"predecessor-version":[{"id":2332,"href":"https:\/\/pes-moselle.fr\/yutz\/wp-json\/wp\/v2\/pages\/1603\/revisions\/2332"}],"wp:attachment":[{"href":"https:\/\/pes-moselle.fr\/yutz\/wp-json\/wp\/v2\/media?parent=1603"}],"curies":[{"name":"wp","href":"https:\/\/api.w.org\/{rel}","templated":true}]}}