{"id":1851,"date":"2015-10-07T17:02:22","date_gmt":"2015-10-07T16:02:22","guid":{"rendered":"https:\/\/pes-moselle.fr\/yutz\/?page_id=1851"},"modified":"2017-12-24T15:15:25","modified_gmt":"2017-12-24T14:15:25","slug":"psychologie","status":"publish","type":"page","link":"https:\/\/pes-moselle.fr\/yutz\/psychologie\/","title":{"rendered":"D\u00e9finition Psychologie"},"content":{"rendered":"<div class=\"fusion-fullwidth fullwidth-box fusion-builder-row-1 nonhundred-percent-fullwidth non-hundred-percent-height-scrolling\" style=\"--awb-border-radius-top-left:0px;--awb-border-radius-top-right:0px;--awb-border-radius-bottom-right:0px;--awb-border-radius-bottom-left:0px;--awb-flex-wrap:wrap;\" ><div class=\"fusion-builder-row fusion-row\"><div class=\"fusion-layout-column fusion_builder_column fusion-builder-column-0 fusion_builder_column_1_1 1_1 fusion-one-full fusion-column-first fusion-column-last\" style=\"--awb-bg-size:cover;\"><div class=\"fusion-column-wrapper fusion-flex-column-wrapper-legacy\"><div class=\"fusion-title title fusion-title-1 fusion-title-center fusion-title-text fusion-title-size-one\"><div class=\"title-sep-container title-sep-container-left\"><div class=\"title-sep sep-double sep-solid\" style=\"border-color:#e0dede;\"><\/div><\/div><span class=\"awb-title-spacer\"><\/span><h1 class=\"fusion-title-heading title-heading-center fusion-responsive-typography-calculated\" style=\"margin:0;--fontSize:34;line-height:1.41;\">La Psychologie<\/h1><span class=\"awb-title-spacer\"><\/span><div class=\"title-sep-container title-sep-container-right\"><div class=\"title-sep sep-double sep-solid\" style=\"border-color:#e0dede;\"><\/div><\/div><\/div><div class=\"fusion-title title fusion-title-2 fusion-sep-none fusion-title-text fusion-title-size-two\"><h2 class=\"fusion-title-heading title-heading-left fusion-responsive-typography-calculated\" style=\"margin:0;--fontSize:28;line-height:1.5;\">Etymologie<\/h2><\/div><div class=\"fusion-text fusion-text-1\"><h1 style=\"text-align: center;\"><\/h1>\n<p style=\"text-align: justify;\">L\u2019\u00e9tymologie du mot\u00a0<strong>psychologie<\/strong> vient du terme grec scind\u00e9 en deux racines\u00a0:<\/p>\n<ul style=\"text-align: justify;\">\n<li><em>psukh\u0113\u00a0<\/em>: Qui signifie l\u2019esprit ou l\u2019\u00e2me, qui renvoie donc aux fonctions psychiques du sujet<\/li>\n<li>\u03bb\u03bf\u03b3\u03af\u03b1\u00a0<em>: <\/em>Qui \u00e9voque la science et les recherches psychologiques afin d\u2019expliquer le fonctionnement humain<\/li>\n<\/ul>\n<\/div><div class=\"fusion-title title fusion-title-3 fusion-sep-none fusion-title-text fusion-title-size-two\"><h2 class=\"fusion-title-heading title-heading-left fusion-responsive-typography-calculated\" style=\"margin:0;--fontSize:28;line-height:1.5;\">D\u00e9finition<\/h2><\/div><div class=\"fusion-text fusion-text-2\"><p style=\"text-align: justify;\">La psychologie est une discipline se rapportant aux sciences humaines. Le point central de la psychologie est l\u2019Homme et son fonctionnement dans la soci\u00e9t\u00e9. La psychologie \u00e9tudie d\u2019une part les caract\u00e9ristiques individuelles (fonctionnement psychique, personnalit\u00e9, psychopathologie) mais aussi les fonctions interindividuelles (groupe, relations conjugales, relations familiales, relation au travail \u2026). Plus particuli\u00e8rement, votre psychologue est \u00ab\u00a0psychologue clinicienne\u00a0\u00bb\u00a0: Le terme clinique correspond au latin \u00ab\u00a0clinicus\u00a0\u00bb relatif au lit du malade. Ainsi, ce terme renvoie \u00e0 \u00eatre aupr\u00e8s du malade \u00e9tymologiquement parlant. La fonction de psychologue clinicien rel\u00e8ve de l\u2019accompagnement aupr\u00e8s du patient. Il s\u2019agit ainsi de \u00ab\u00a0cheminer\u00a0\u00bb avec le sujet. Le psychologue tente d\u2019offrir une aide psychique, afin d\u2019apaiser le quotidien du sujet.<\/p>\n<\/div><div class=\"fusion-clearfix\"><\/div><\/div><\/div><\/div><\/div>\n","protected":false},"excerpt":{"rendered":"","protected":false},"author":1,"featured_media":0,"parent":0,"menu_order":0,"comment_status":"closed","ping_status":"closed","template":"","meta":{"footnotes":""},"class_list":["post-1851","page","type-page","status-publish","hentry"],"yoast_head":"<!-- This site is optimized with the Yoast SEO plugin v27.4 - https:\/\/yoast.com\/product\/yoast-seo-wordpress\/ -->\n<title>D\u00e9finition Psychologie - P\u00f4le Equilibre&amp;Sant\u00e9 de Yutz - Thionville<\/title>\n<meta name=\"robots\" content=\"index, follow, max-snippet:-1, max-image-preview:large, max-video-preview:-1\" \/>\n<link rel=\"canonical\" href=\"https:\/\/pes-moselle.fr\/yutz\/psychologie\/\" \/>\n<meta property=\"og:locale\" content=\"fr_FR\" \/>\n<meta property=\"og:type\" content=\"article\" \/>\n<meta property=\"og:title\" content=\"D\u00e9finition Psychologie - P\u00f4le Equilibre&amp;Sant\u00e9 de Yutz - Thionville\" \/>\n<meta property=\"og:url\" content=\"https:\/\/pes-moselle.fr\/yutz\/psychologie\/\" \/>\n<meta property=\"og:site_name\" content=\"P\u00f4le Equilibre&amp;Sant\u00e9 de Yutz - Thionville\" \/>\n<meta property=\"article:modified_time\" content=\"2017-12-24T14:15:25+00:00\" \/>\n<meta name=\"twitter:card\" content=\"summary_large_image\" \/>\n<meta name=\"twitter:label1\" content=\"Dur\u00e9e de lecture estim\u00e9e\" \/>\n\t<meta name=\"twitter:data1\" content=\"2 minutes\" \/>\n<script type=\"application\/ld+json\" class=\"yoast-schema-graph\">{\"@context\":\"https:\\\/\\\/schema.org\",\"@graph\":[{\"@type\":\"WebPage\",\"@id\":\"https:\\\/\\\/pes-moselle.fr\\\/yutz\\\/psychologie\\\/\",\"url\":\"https:\\\/\\\/pes-moselle.fr\\\/yutz\\\/psychologie\\\/\",\"name\":\"D\u00e9finition Psychologie - P\u00f4le Equilibre&amp;Sant\u00e9 de Yutz - Thionville\",\"isPartOf\":{\"@id\":\"https:\\\/\\\/pes-moselle.fr\\\/yutz\\\/#website\"},\"datePublished\":\"2015-10-07T16:02:22+00:00\",\"dateModified\":\"2017-12-24T14:15:25+00:00\",\"breadcrumb\":{\"@id\":\"https:\\\/\\\/pes-moselle.fr\\\/yutz\\\/psychologie\\\/#breadcrumb\"},\"inLanguage\":\"fr-FR\",\"potentialAction\":[{\"@type\":\"ReadAction\",\"target\":[\"https:\\\/\\\/pes-moselle.fr\\\/yutz\\\/psychologie\\\/\"]}]},{\"@type\":\"BreadcrumbList\",\"@id\":\"https:\\\/\\\/pes-moselle.fr\\\/yutz\\\/psychologie\\\/#breadcrumb\",\"itemListElement\":[{\"@type\":\"ListItem\",\"position\":1,\"name\":\"Accueil\",\"item\":\"https:\\\/\\\/pes-moselle.fr\\\/yutz\\\/\"},{\"@type\":\"ListItem\",\"position\":2,\"name\":\"D\u00e9finition Psychologie\"}]},{\"@type\":\"WebSite\",\"@id\":\"https:\\\/\\\/pes-moselle.fr\\\/yutz\\\/#website\",\"url\":\"https:\\\/\\\/pes-moselle.fr\\\/yutz\\\/\",\"name\":\"P\u00f4le Equilibre&amp;Sant\u00e9 de Yutz - Thionville\",\"description\":\"\",\"potentialAction\":[{\"@type\":\"SearchAction\",\"target\":{\"@type\":\"EntryPoint\",\"urlTemplate\":\"https:\\\/\\\/pes-moselle.fr\\\/yutz\\\/?s={search_term_string}\"},\"query-input\":{\"@type\":\"PropertyValueSpecification\",\"valueRequired\":true,\"valueName\":\"search_term_string\"}}],\"inLanguage\":\"fr-FR\"}]}<\/script>\n<!-- \/ Yoast SEO plugin. -->","yoast_head_json":{"title":"D\u00e9finition Psychologie - P\u00f4le Equilibre&amp;Sant\u00e9 de Yutz - Thionville","robots":{"index":"index","follow":"follow","max-snippet":"max-snippet:-1","max-image-preview":"max-image-preview:large","max-video-preview":"max-video-preview:-1"},"canonical":"https:\/\/pes-moselle.fr\/yutz\/psychologie\/","og_locale":"fr_FR","og_type":"article","og_title":"D\u00e9finition Psychologie - P\u00f4le Equilibre&amp;Sant\u00e9 de Yutz - Thionville","og_url":"https:\/\/pes-moselle.fr\/yutz\/psychologie\/","og_site_name":"P\u00f4le Equilibre&amp;Sant\u00e9 de Yutz - Thionville","article_modified_time":"2017-12-24T14:15:25+00:00","twitter_card":"summary_large_image","twitter_misc":{"Dur\u00e9e de lecture estim\u00e9e":"2 minutes"},"schema":{"@context":"https:\/\/schema.org","@graph":[{"@type":"WebPage","@id":"https:\/\/pes-moselle.fr\/yutz\/psychologie\/","url":"https:\/\/pes-moselle.fr\/yutz\/psychologie\/","name":"D\u00e9finition Psychologie - P\u00f4le Equilibre&amp;Sant\u00e9 de Yutz - Thionville","isPartOf":{"@id":"https:\/\/pes-moselle.fr\/yutz\/#website"},"datePublished":"2015-10-07T16:02:22+00:00","dateModified":"2017-12-24T14:15:25+00:00","breadcrumb":{"@id":"https:\/\/pes-moselle.fr\/yutz\/psychologie\/#breadcrumb"},"inLanguage":"fr-FR","potentialAction":[{"@type":"ReadAction","target":["https:\/\/pes-moselle.fr\/yutz\/psychologie\/"]}]},{"@type":"BreadcrumbList","@id":"https:\/\/pes-moselle.fr\/yutz\/psychologie\/#breadcrumb","itemListElement":[{"@type":"ListItem","position":1,"name":"Accueil","item":"https:\/\/pes-moselle.fr\/yutz\/"},{"@type":"ListItem","position":2,"name":"D\u00e9finition Psychologie"}]},{"@type":"WebSite","@id":"https:\/\/pes-moselle.fr\/yutz\/#website","url":"https:\/\/pes-moselle.fr\/yutz\/","name":"P\u00f4le Equilibre&amp;Sant\u00e9 de Yutz - Thionville","description":"","potentialAction":[{"@type":"SearchAction","target":{"@type":"EntryPoint","urlTemplate":"https:\/\/pes-moselle.fr\/yutz\/?s={search_term_string}"},"query-input":{"@type":"PropertyValueSpecification","valueRequired":true,"valueName":"search_term_string"}}],"inLanguage":"fr-FR"}]}},"_links":{"self":[{"href":"https:\/\/pes-moselle.fr\/yutz\/wp-json\/wp\/v2\/pages\/1851","targetHints":{"allow":["GET"]}}],"collection":[{"href":"https:\/\/pes-moselle.fr\/yutz\/wp-json\/wp\/v2\/pages"}],"about":[{"href":"https:\/\/pes-moselle.fr\/yutz\/wp-json\/wp\/v2\/types\/page"}],"author":[{"embeddable":true,"href":"https:\/\/pes-moselle.fr\/yutz\/wp-json\/wp\/v2\/users\/1"}],"replies":[{"embeddable":true,"href":"https:\/\/pes-moselle.fr\/yutz\/wp-json\/wp\/v2\/comments?post=1851"}],"version-history":[{"count":4,"href":"https:\/\/pes-moselle.fr\/yutz\/wp-json\/wp\/v2\/pages\/1851\/revisions"}],"predecessor-version":[{"id":2453,"href":"https:\/\/pes-moselle.fr\/yutz\/wp-json\/wp\/v2\/pages\/1851\/revisions\/2453"}],"wp:attachment":[{"href":"https:\/\/pes-moselle.fr\/yutz\/wp-json\/wp\/v2\/media?parent=1851"}],"curies":[{"name":"wp","href":"https:\/\/api.w.org\/{rel}","templated":true}]}}