{"id":2521,"date":"2018-10-07T14:58:52","date_gmt":"2018-10-07T12:58:52","guid":{"rendered":"https:\/\/pes-moselle.fr\/yutz\/?page_id=2521"},"modified":"2018-10-07T14:58:52","modified_gmt":"2018-10-07T12:58:52","slug":"sophrologue-yutz","status":"publish","type":"page","link":"https:\/\/pes-moselle.fr\/yutz\/sophrologue-yutz\/","title":{"rendered":"Sophrologue Yutz"},"content":{"rendered":"<div class=\"fusion-fullwidth fullwidth-box fusion-builder-row-1 nonhundred-percent-fullwidth non-hundred-percent-height-scrolling\" style=\"--awb-border-radius-top-left:0px;--awb-border-radius-top-right:0px;--awb-border-radius-bottom-right:0px;--awb-border-radius-bottom-left:0px;--awb-flex-wrap:wrap;\" ><div class=\"fusion-builder-row fusion-row\"><div class=\"fusion-layout-column fusion_builder_column fusion-builder-column-0 fusion_builder_column_1_1 1_1 fusion-one-full fusion-column-first fusion-column-last\" style=\"--awb-padding-top:;--awb-padding-right:;--awb-padding-bottom:;--awb-padding-left:;--awb-bg-size:cover;\"><div class=\"fusion-column-wrapper fusion-flex-column-wrapper-legacy\"><div class=\"fusion-title title fusion-title-1 fusion-title-center fusion-title-text fusion-title-size-one\"><div class=\"title-sep-container title-sep-container-left\"><div class=\"title-sep sep-double sep-solid\" style=\"border-color:#e0dede;\"><\/div><\/div><span class=\"awb-title-spacer\"><\/span><h1 class=\"fusion-title-heading title-heading-center fusion-responsive-typography-calculated\" style=\"margin:0;--fontSize:34;line-height:1.41;\">Votre Sophrologue \u00e0 Yutz<\/h1><span class=\"awb-title-spacer\"><\/span><div class=\"title-sep-container title-sep-container-right\"><div class=\"title-sep sep-double sep-solid\" style=\"border-color:#e0dede;\"><\/div><\/div><\/div><div class=\"fusion-person person fusion-person-left fusion-person-1 fusion-person-icon-top\" style=\"--awb-pic-style-color:#000000;--awb-pic-borderradius:0px;--awb-margin-top:0px;--awb-margin-right:0px;--awb-margin-bottom:0px;--awb-margin-left:0px;--awb-social-box-border-top:0px;--awb-social-box-border-right:0px;--awb-social-box-border-bottom:0px;--awb-social-box-border-left:0px;--awb-social-box-border-color:var(--awb-color3);--awb-social-box-border-color-hover:var(--awb-color4);--awb-social-box-colors-hover:rgba(232,232,232,0.8);--awb-social-icon-boxed-colors:#e8e8e8;--awb-social-icon-colors:#82c9f0;--awb-social-icon-colors-hover:rgba(130,201,240,0.8);\"><div class=\"person-desc\"><div class=\"person-author\"><div class=\"person-author-wrapper\"><span class=\"person-name\">Achraf Deloos<\/span><span class=\"person-title\">Sophrologue<\/span><\/div><\/div><div class=\"person-content fusion-clearfix\"><\/div><\/div><\/div><div class=\"fusion-text fusion-text-1\"><p style=\"text-align: justify;\">Achraf Deloos, votre Sophrologue \u00e0 Yutz, est form\u00e9e \u00e0 <a href=\"https:\/\/www.sophrologie-formation.fr\">L\u2019institut de Formation de Sophrologie<\/a> \u00e0 Paris X\u00e8me, Certifi\u00e9e RNCP.<\/p>\n<p style=\"text-align: justify;\">Elle exerce son m\u00e9tier dans le respect du code d\u00e9ontologique de la profession et est membre de la chambre syndicale de la sophrologie.<\/p>\n<p style=\"text-align: justify;\">Les consultations ont lieux au cabinet ou \u00e0 domicile pour des s\u00e9ances individuelle et en groupe. Elle intervient \u00e9galement dans des entretiens pour am\u00e9liorer la qualit\u00e9 de travail.<\/p>\n<p style=\"text-align: justify;\">Votre sophrologue \u00e0 Yutz utilise des techniques de respiration, de d\u00e9tente et de visualisation positive (exercices faciles et simples \u00e0 reproduire chez soi).<\/p>\n<p style=\"text-align: justify;\">Achraf Deloos saura vous accompagner pour g\u00e9rer votre stress, votre trac et vos \u00e9motions et ainsi retrouver un \u00e9tat de bien-\u00eatre. Evacuez ainsi\u00a0\u00a0l\u2019anxi\u00e9t\u00e9 sur votre lieu de travail, dans votre quotidien en g\u00e9n\u00e9ral et gardez votre calme.<\/p>\n<\/div><div class=\"fusion-clearfix\"><\/div><\/div><\/div><\/div><\/div>\n","protected":false},"excerpt":{"rendered":"","protected":false},"author":1,"featured_media":0,"parent":0,"menu_order":0,"comment_status":"closed","ping_status":"closed","template":"","meta":{"footnotes":""},"class_list":["post-2521","page","type-page","status-publish","hentry"],"yoast_head":"<!-- This site is optimized with the Yoast SEO plugin v27.5 - https:\/\/yoast.com\/product\/yoast-seo-wordpress\/ -->\n<title>Sophrologue Yutz - P\u00f4le Equilibre&amp;Sant\u00e9 de Yutz - Thionville<\/title>\n<meta name=\"robots\" content=\"index, follow, max-snippet:-1, max-image-preview:large, max-video-preview:-1\" \/>\n<link rel=\"canonical\" href=\"https:\/\/pes-moselle.fr\/yutz\/sophrologue-yutz\/\" \/>\n<meta property=\"og:locale\" content=\"fr_FR\" \/>\n<meta property=\"og:type\" content=\"article\" \/>\n<meta property=\"og:title\" content=\"Sophrologue Yutz - P\u00f4le Equilibre&amp;Sant\u00e9 de Yutz - Thionville\" \/>\n<meta property=\"og:url\" content=\"https:\/\/pes-moselle.fr\/yutz\/sophrologue-yutz\/\" \/>\n<meta property=\"og:site_name\" content=\"P\u00f4le Equilibre&amp;Sant\u00e9 de Yutz - Thionville\" \/>\n<meta name=\"twitter:card\" content=\"summary_large_image\" \/>\n<meta name=\"twitter:label1\" content=\"Dur\u00e9e de lecture estim\u00e9e\" \/>\n\t<meta name=\"twitter:data1\" content=\"2 minutes\" \/>\n<script type=\"application\/ld+json\" class=\"yoast-schema-graph\">{\"@context\":\"https:\\\/\\\/schema.org\",\"@graph\":[{\"@type\":\"WebPage\",\"@id\":\"https:\\\/\\\/pes-moselle.fr\\\/yutz\\\/sophrologue-yutz\\\/\",\"url\":\"https:\\\/\\\/pes-moselle.fr\\\/yutz\\\/sophrologue-yutz\\\/\",\"name\":\"Sophrologue Yutz - P\u00f4le Equilibre&amp;Sant\u00e9 de Yutz - Thionville\",\"isPartOf\":{\"@id\":\"https:\\\/\\\/pes-moselle.fr\\\/yutz\\\/#website\"},\"datePublished\":\"2018-10-07T12:58:52+00:00\",\"breadcrumb\":{\"@id\":\"https:\\\/\\\/pes-moselle.fr\\\/yutz\\\/sophrologue-yutz\\\/#breadcrumb\"},\"inLanguage\":\"fr-FR\",\"potentialAction\":[{\"@type\":\"ReadAction\",\"target\":[\"https:\\\/\\\/pes-moselle.fr\\\/yutz\\\/sophrologue-yutz\\\/\"]}]},{\"@type\":\"BreadcrumbList\",\"@id\":\"https:\\\/\\\/pes-moselle.fr\\\/yutz\\\/sophrologue-yutz\\\/#breadcrumb\",\"itemListElement\":[{\"@type\":\"ListItem\",\"position\":1,\"name\":\"Accueil\",\"item\":\"https:\\\/\\\/pes-moselle.fr\\\/yutz\\\/\"},{\"@type\":\"ListItem\",\"position\":2,\"name\":\"Sophrologue Yutz\"}]},{\"@type\":\"WebSite\",\"@id\":\"https:\\\/\\\/pes-moselle.fr\\\/yutz\\\/#website\",\"url\":\"https:\\\/\\\/pes-moselle.fr\\\/yutz\\\/\",\"name\":\"P\u00f4le Equilibre&amp;Sant\u00e9 de Yutz - Thionville\",\"description\":\"\",\"potentialAction\":[{\"@type\":\"SearchAction\",\"target\":{\"@type\":\"EntryPoint\",\"urlTemplate\":\"https:\\\/\\\/pes-moselle.fr\\\/yutz\\\/?s={search_term_string}\"},\"query-input\":{\"@type\":\"PropertyValueSpecification\",\"valueRequired\":true,\"valueName\":\"search_term_string\"}}],\"inLanguage\":\"fr-FR\"}]}<\/script>\n<!-- \/ Yoast SEO plugin. -->","yoast_head_json":{"title":"Sophrologue Yutz - P\u00f4le Equilibre&amp;Sant\u00e9 de Yutz - Thionville","robots":{"index":"index","follow":"follow","max-snippet":"max-snippet:-1","max-image-preview":"max-image-preview:large","max-video-preview":"max-video-preview:-1"},"canonical":"https:\/\/pes-moselle.fr\/yutz\/sophrologue-yutz\/","og_locale":"fr_FR","og_type":"article","og_title":"Sophrologue Yutz - P\u00f4le Equilibre&amp;Sant\u00e9 de Yutz - Thionville","og_url":"https:\/\/pes-moselle.fr\/yutz\/sophrologue-yutz\/","og_site_name":"P\u00f4le Equilibre&amp;Sant\u00e9 de Yutz - Thionville","twitter_card":"summary_large_image","twitter_misc":{"Dur\u00e9e de lecture estim\u00e9e":"2 minutes"},"schema":{"@context":"https:\/\/schema.org","@graph":[{"@type":"WebPage","@id":"https:\/\/pes-moselle.fr\/yutz\/sophrologue-yutz\/","url":"https:\/\/pes-moselle.fr\/yutz\/sophrologue-yutz\/","name":"Sophrologue Yutz - P\u00f4le Equilibre&amp;Sant\u00e9 de Yutz - Thionville","isPartOf":{"@id":"https:\/\/pes-moselle.fr\/yutz\/#website"},"datePublished":"2018-10-07T12:58:52+00:00","breadcrumb":{"@id":"https:\/\/pes-moselle.fr\/yutz\/sophrologue-yutz\/#breadcrumb"},"inLanguage":"fr-FR","potentialAction":[{"@type":"ReadAction","target":["https:\/\/pes-moselle.fr\/yutz\/sophrologue-yutz\/"]}]},{"@type":"BreadcrumbList","@id":"https:\/\/pes-moselle.fr\/yutz\/sophrologue-yutz\/#breadcrumb","itemListElement":[{"@type":"ListItem","position":1,"name":"Accueil","item":"https:\/\/pes-moselle.fr\/yutz\/"},{"@type":"ListItem","position":2,"name":"Sophrologue Yutz"}]},{"@type":"WebSite","@id":"https:\/\/pes-moselle.fr\/yutz\/#website","url":"https:\/\/pes-moselle.fr\/yutz\/","name":"P\u00f4le Equilibre&amp;Sant\u00e9 de Yutz - Thionville","description":"","potentialAction":[{"@type":"SearchAction","target":{"@type":"EntryPoint","urlTemplate":"https:\/\/pes-moselle.fr\/yutz\/?s={search_term_string}"},"query-input":{"@type":"PropertyValueSpecification","valueRequired":true,"valueName":"search_term_string"}}],"inLanguage":"fr-FR"}]}},"_links":{"self":[{"href":"https:\/\/pes-moselle.fr\/yutz\/wp-json\/wp\/v2\/pages\/2521","targetHints":{"allow":["GET"]}}],"collection":[{"href":"https:\/\/pes-moselle.fr\/yutz\/wp-json\/wp\/v2\/pages"}],"about":[{"href":"https:\/\/pes-moselle.fr\/yutz\/wp-json\/wp\/v2\/types\/page"}],"author":[{"embeddable":true,"href":"https:\/\/pes-moselle.fr\/yutz\/wp-json\/wp\/v2\/users\/1"}],"replies":[{"embeddable":true,"href":"https:\/\/pes-moselle.fr\/yutz\/wp-json\/wp\/v2\/comments?post=2521"}],"version-history":[{"count":1,"href":"https:\/\/pes-moselle.fr\/yutz\/wp-json\/wp\/v2\/pages\/2521\/revisions"}],"predecessor-version":[{"id":2522,"href":"https:\/\/pes-moselle.fr\/yutz\/wp-json\/wp\/v2\/pages\/2521\/revisions\/2522"}],"wp:attachment":[{"href":"https:\/\/pes-moselle.fr\/yutz\/wp-json\/wp\/v2\/media?parent=2521"}],"curies":[{"name":"wp","href":"https:\/\/api.w.org\/{rel}","templated":true}]}}