{"id":2543,"date":"2018-11-01T18:59:33","date_gmt":"2018-11-01T17:59:33","guid":{"rendered":"https:\/\/pes-moselle.fr\/yutz\/?page_id=2543"},"modified":"2018-11-01T18:59:33","modified_gmt":"2018-11-01T17:59:33","slug":"sophrologie-en-entreprise","status":"publish","type":"page","link":"https:\/\/pes-moselle.fr\/yutz\/sophrologie-en-entreprise\/","title":{"rendered":"Sophrologie en Entreprise"},"content":{"rendered":"<div class=\"fusion-fullwidth fullwidth-box fusion-builder-row-1 nonhundred-percent-fullwidth non-hundred-percent-height-scrolling\" style=\"--awb-border-radius-top-left:0px;--awb-border-radius-top-right:0px;--awb-border-radius-bottom-right:0px;--awb-border-radius-bottom-left:0px;--awb-flex-wrap:wrap;\" ><div class=\"fusion-builder-row fusion-row\"><div class=\"fusion-layout-column fusion_builder_column fusion-builder-column-0 fusion_builder_column_1_1 1_1 fusion-one-full fusion-column-first fusion-column-last\" style=\"--awb-padding-top:;--awb-padding-right:;--awb-padding-bottom:;--awb-padding-left:;--awb-bg-size:cover;\"><div class=\"fusion-column-wrapper fusion-flex-column-wrapper-legacy\"><div class=\"fusion-title title fusion-title-1 fusion-title-center fusion-title-text fusion-title-size-one\"><div class=\"title-sep-container title-sep-container-left\"><div class=\"title-sep sep-double sep-solid\" style=\"border-color:#e0dede;\"><\/div><\/div><span class=\"awb-title-spacer\"><\/span><h1 class=\"fusion-title-heading title-heading-center fusion-responsive-typography-calculated\" style=\"margin:0;--fontSize:34;line-height:1.41;\">Sophrologie en Entreprise<\/h1><span class=\"awb-title-spacer\"><\/span><div class=\"title-sep-container title-sep-container-right\"><div class=\"title-sep sep-double sep-solid\" style=\"border-color:#e0dede;\"><\/div><\/div><\/div><div class=\"fusion-text fusion-text-1\"><p>La sophrologie est une m\u00e9thode qui permet d\u2019am\u00e9liorer la qualit\u00e9 du travail.<\/p>\n<p>Ses exercices permettent\u00a0:<\/p>\n<ul>\n<li>La pr\u00e9vention du burn-out<\/li>\n<li>Mieux g\u00e9rer le stress<\/li>\n<li>Am\u00e9lioration des relations interpersonnelles<\/li>\n<li>Retrouver confiance en soi et l\u2019estime de soi<\/li>\n<li>Renforcer la coh\u00e9sion d\u2019\u00e9quipe<\/li>\n<li>Gestion des \u00e9motions, du trac et de prise de parole en r\u00e9union<\/li>\n<li>Am\u00e9lioration des relations interpersonnelle<\/li>\n<\/ul>\n<\/div><div class=\"fusion-clearfix\"><\/div><\/div><\/div><\/div><\/div>\n","protected":false},"excerpt":{"rendered":"","protected":false},"author":1,"featured_media":0,"parent":0,"menu_order":0,"comment_status":"closed","ping_status":"closed","template":"","meta":{"footnotes":""},"class_list":["post-2543","page","type-page","status-publish","hentry"],"yoast_head":"<!-- This site is optimized with the Yoast SEO plugin v27.5 - https:\/\/yoast.com\/product\/yoast-seo-wordpress\/ -->\n<title>Sophrologie en Entreprise - P\u00f4le Equilibre&amp;Sant\u00e9 de Yutz - Thionville<\/title>\n<meta name=\"robots\" content=\"index, follow, max-snippet:-1, max-image-preview:large, max-video-preview:-1\" \/>\n<link rel=\"canonical\" href=\"https:\/\/pes-moselle.fr\/yutz\/sophrologie-en-entreprise\/\" \/>\n<meta property=\"og:locale\" content=\"fr_FR\" \/>\n<meta property=\"og:type\" content=\"article\" \/>\n<meta property=\"og:title\" content=\"Sophrologie en Entreprise - P\u00f4le Equilibre&amp;Sant\u00e9 de Yutz - Thionville\" \/>\n<meta property=\"og:url\" content=\"https:\/\/pes-moselle.fr\/yutz\/sophrologie-en-entreprise\/\" \/>\n<meta property=\"og:site_name\" content=\"P\u00f4le Equilibre&amp;Sant\u00e9 de Yutz - Thionville\" \/>\n<meta name=\"twitter:card\" content=\"summary_large_image\" \/>\n<meta name=\"twitter:label1\" content=\"Dur\u00e9e de lecture estim\u00e9e\" \/>\n\t<meta name=\"twitter:data1\" content=\"1 minute\" \/>\n<script type=\"application\/ld+json\" class=\"yoast-schema-graph\">{\"@context\":\"https:\\\/\\\/schema.org\",\"@graph\":[{\"@type\":\"WebPage\",\"@id\":\"https:\\\/\\\/pes-moselle.fr\\\/yutz\\\/sophrologie-en-entreprise\\\/\",\"url\":\"https:\\\/\\\/pes-moselle.fr\\\/yutz\\\/sophrologie-en-entreprise\\\/\",\"name\":\"Sophrologie en Entreprise - P\u00f4le Equilibre&amp;Sant\u00e9 de Yutz - Thionville\",\"isPartOf\":{\"@id\":\"https:\\\/\\\/pes-moselle.fr\\\/yutz\\\/#website\"},\"datePublished\":\"2018-11-01T17:59:33+00:00\",\"breadcrumb\":{\"@id\":\"https:\\\/\\\/pes-moselle.fr\\\/yutz\\\/sophrologie-en-entreprise\\\/#breadcrumb\"},\"inLanguage\":\"fr-FR\",\"potentialAction\":[{\"@type\":\"ReadAction\",\"target\":[\"https:\\\/\\\/pes-moselle.fr\\\/yutz\\\/sophrologie-en-entreprise\\\/\"]}]},{\"@type\":\"BreadcrumbList\",\"@id\":\"https:\\\/\\\/pes-moselle.fr\\\/yutz\\\/sophrologie-en-entreprise\\\/#breadcrumb\",\"itemListElement\":[{\"@type\":\"ListItem\",\"position\":1,\"name\":\"Accueil\",\"item\":\"https:\\\/\\\/pes-moselle.fr\\\/yutz\\\/\"},{\"@type\":\"ListItem\",\"position\":2,\"name\":\"Sophrologie en Entreprise\"}]},{\"@type\":\"WebSite\",\"@id\":\"https:\\\/\\\/pes-moselle.fr\\\/yutz\\\/#website\",\"url\":\"https:\\\/\\\/pes-moselle.fr\\\/yutz\\\/\",\"name\":\"P\u00f4le Equilibre&amp;Sant\u00e9 de Yutz - Thionville\",\"description\":\"\",\"potentialAction\":[{\"@type\":\"SearchAction\",\"target\":{\"@type\":\"EntryPoint\",\"urlTemplate\":\"https:\\\/\\\/pes-moselle.fr\\\/yutz\\\/?s={search_term_string}\"},\"query-input\":{\"@type\":\"PropertyValueSpecification\",\"valueRequired\":true,\"valueName\":\"search_term_string\"}}],\"inLanguage\":\"fr-FR\"}]}<\/script>\n<!-- \/ Yoast SEO plugin. -->","yoast_head_json":{"title":"Sophrologie en Entreprise - P\u00f4le Equilibre&amp;Sant\u00e9 de Yutz - Thionville","robots":{"index":"index","follow":"follow","max-snippet":"max-snippet:-1","max-image-preview":"max-image-preview:large","max-video-preview":"max-video-preview:-1"},"canonical":"https:\/\/pes-moselle.fr\/yutz\/sophrologie-en-entreprise\/","og_locale":"fr_FR","og_type":"article","og_title":"Sophrologie en Entreprise - P\u00f4le Equilibre&amp;Sant\u00e9 de Yutz - Thionville","og_url":"https:\/\/pes-moselle.fr\/yutz\/sophrologie-en-entreprise\/","og_site_name":"P\u00f4le Equilibre&amp;Sant\u00e9 de Yutz - Thionville","twitter_card":"summary_large_image","twitter_misc":{"Dur\u00e9e de lecture estim\u00e9e":"1 minute"},"schema":{"@context":"https:\/\/schema.org","@graph":[{"@type":"WebPage","@id":"https:\/\/pes-moselle.fr\/yutz\/sophrologie-en-entreprise\/","url":"https:\/\/pes-moselle.fr\/yutz\/sophrologie-en-entreprise\/","name":"Sophrologie en Entreprise - P\u00f4le Equilibre&amp;Sant\u00e9 de Yutz - Thionville","isPartOf":{"@id":"https:\/\/pes-moselle.fr\/yutz\/#website"},"datePublished":"2018-11-01T17:59:33+00:00","breadcrumb":{"@id":"https:\/\/pes-moselle.fr\/yutz\/sophrologie-en-entreprise\/#breadcrumb"},"inLanguage":"fr-FR","potentialAction":[{"@type":"ReadAction","target":["https:\/\/pes-moselle.fr\/yutz\/sophrologie-en-entreprise\/"]}]},{"@type":"BreadcrumbList","@id":"https:\/\/pes-moselle.fr\/yutz\/sophrologie-en-entreprise\/#breadcrumb","itemListElement":[{"@type":"ListItem","position":1,"name":"Accueil","item":"https:\/\/pes-moselle.fr\/yutz\/"},{"@type":"ListItem","position":2,"name":"Sophrologie en Entreprise"}]},{"@type":"WebSite","@id":"https:\/\/pes-moselle.fr\/yutz\/#website","url":"https:\/\/pes-moselle.fr\/yutz\/","name":"P\u00f4le Equilibre&amp;Sant\u00e9 de Yutz - Thionville","description":"","potentialAction":[{"@type":"SearchAction","target":{"@type":"EntryPoint","urlTemplate":"https:\/\/pes-moselle.fr\/yutz\/?s={search_term_string}"},"query-input":{"@type":"PropertyValueSpecification","valueRequired":true,"valueName":"search_term_string"}}],"inLanguage":"fr-FR"}]}},"_links":{"self":[{"href":"https:\/\/pes-moselle.fr\/yutz\/wp-json\/wp\/v2\/pages\/2543","targetHints":{"allow":["GET"]}}],"collection":[{"href":"https:\/\/pes-moselle.fr\/yutz\/wp-json\/wp\/v2\/pages"}],"about":[{"href":"https:\/\/pes-moselle.fr\/yutz\/wp-json\/wp\/v2\/types\/page"}],"author":[{"embeddable":true,"href":"https:\/\/pes-moselle.fr\/yutz\/wp-json\/wp\/v2\/users\/1"}],"replies":[{"embeddable":true,"href":"https:\/\/pes-moselle.fr\/yutz\/wp-json\/wp\/v2\/comments?post=2543"}],"version-history":[{"count":1,"href":"https:\/\/pes-moselle.fr\/yutz\/wp-json\/wp\/v2\/pages\/2543\/revisions"}],"predecessor-version":[{"id":2544,"href":"https:\/\/pes-moselle.fr\/yutz\/wp-json\/wp\/v2\/pages\/2543\/revisions\/2544"}],"wp:attachment":[{"href":"https:\/\/pes-moselle.fr\/yutz\/wp-json\/wp\/v2\/media?parent=2543"}],"curies":[{"name":"wp","href":"https:\/\/api.w.org\/{rel}","templated":true}]}}